{"id":555,"date":"2021-07-12T21:27:42","date_gmt":"2021-07-12T19:27:42","guid":{"rendered":"http:\/\/neu.simonyan-immobilien.de\/pt\/?page_id=555"},"modified":"2021-08-26T14:35:32","modified_gmt":"2021-08-26T12:35:32","slug":"financing","status":"publish","type":"page","link":"https:\/\/simonyan-immobilien.de\/pt\/financing\/","title":{"rendered":"FINANCING"},"content":{"rendered":"\t\t<div data-elementor-type=\"wp-page\" data-elementor-id=\"555\" class=\"elementor elementor-555\">\n\t\t\t\t\t\t<section class=\"has_eae_slider elementor-section elementor-top-section elementor-element elementor-element-77fc845f elementor-section-full_width elementor-section-height-default elementor-section-height-default\" data-eae-slider=\"49653\" data-id=\"77fc845f\" data-element_type=\"section\" data-e-type=\"section\" data-settings=\"{&quot;background_background&quot;:&quot;classic&quot;}\">\n\t\t\t\t\t\t<div class=\"elementor-container elementor-column-gap-default\">\n\t\t\t\t\t<div class=\"has_eae_slider elementor-column elementor-col-50 elementor-top-column elementor-element elementor-element-2bbc6b7b\" data-eae-slider=\"67236\" data-id=\"2bbc6b7b\" data-element_type=\"column\" data-e-type=\"column\">\n\t\t\t<div class=\"elementor-widget-wrap elementor-element-populated\">\n\t\t\t\t\t\t<div class=\"elementor-element elementor-element-5bce0c6e elementor-widget elementor-widget-text-editor\" data-id=\"5bce0c6e\" data-element_type=\"widget\" data-e-type=\"widget\" data-widget_type=\"text-editor.default\">\n\t\t\t\t<div class=\"elementor-widget-container\">\n\t\t\t\t\t\t\t\t\t<h1 class=\"LC20lb DKV0Md\"><strong>FINANCIAMENTO<\/strong><\/h1>\t\t\t\t\t\t\t\t<\/div>\n\t\t\t\t<\/div>\n\t\t\t\t\t<\/div>\n\t\t<\/div>\n\t\t\t\t<div class=\"has_eae_slider elementor-column elementor-col-50 elementor-top-column elementor-element elementor-element-1acde925\" data-eae-slider=\"75182\" data-id=\"1acde925\" data-element_type=\"column\" data-e-type=\"column\" data-settings=\"{&quot;background_background&quot;:&quot;classic&quot;}\">\n\t\t\t<div class=\"elementor-widget-wrap elementor-element-populated\">\n\t\t\t\t\t\t<div class=\"elementor-element elementor-element-91c273f elementor-widget elementor-widget-spacer\" data-id=\"91c273f\" data-element_type=\"widget\" data-e-type=\"widget\" data-widget_type=\"spacer.default\">\n\t\t\t\t<div class=\"elementor-widget-container\">\n\t\t\t\t\t\t\t<div class=\"elementor-spacer\">\n\t\t\t<div class=\"elementor-spacer-inner\"><\/div>\n\t\t<\/div>\n\t\t\t\t\t\t<\/div>\n\t\t\t\t<\/div>\n\t\t\t\t\t<\/div>\n\t\t<\/div>\n\t\t\t\t\t<\/div>\n\t\t<\/section>\n\t\t\t\t<section class=\"has_eae_slider elementor-section elementor-top-section elementor-element elementor-element-32e5f545 elementor-section-boxed elementor-section-height-default elementor-section-height-default\" data-eae-slider=\"75270\" data-id=\"32e5f545\" data-element_type=\"section\" data-e-type=\"section\">\n\t\t\t\t\t\t<div class=\"elementor-container elementor-column-gap-default\">\n\t\t\t\t\t<div class=\"has_eae_slider elementor-column elementor-col-100 elementor-top-column elementor-element elementor-element-48e2a4ad\" data-eae-slider=\"15554\" data-id=\"48e2a4ad\" data-element_type=\"column\" data-e-type=\"column\">\n\t\t\t<div class=\"elementor-widget-wrap elementor-element-populated\">\n\t\t\t\t\t\t<div class=\"elementor-element elementor-element-23db5dd9 elementor-widget elementor-widget-text-editor\" data-id=\"23db5dd9\" data-element_type=\"widget\" data-e-type=\"widget\" data-widget_type=\"text-editor.default\">\n\t\t\t\t<div class=\"elementor-widget-container\">\n\t\t\t\t\t\t\t\t\t<p><span style=\"color: #000000;\">Juntamente com um parceiro profissional e experiente, oferecemos tamb\u00e9m os nossos servi\u00e7os na \u00e1rea do \u201cfinanciamento imobili\u00e1rio\u201d.<\/span><\/p><p><span style=\"color: #000000;\">Um bom aconselhamento e, sobretudo, independente, \u00e9 essencial para o financiamento imobili\u00e1rio, uma vez que a compra de um im\u00f3vel \u00e9 frequentemente um investimento a longo prazo no seu pr\u00f3prio futuro e no da sua fam\u00edlia.<\/span><\/p><p><span style=\"color: #000000;\">Isto requer a melhor conce\u00e7\u00e3o poss\u00edvel e a defini\u00e7\u00e3o de objetivos individualmente adaptados \u00e0 sua situa\u00e7\u00e3o de vida.<\/span><\/p><p><span style=\"color: #000000;\">Juntos, planeamos a sua estrutura de financiamento de forma bastante pessoal e ideal e encontramos o melhor e mais favor\u00e1vel parceiro banc\u00e1rio para os seus desejos.<\/span><\/p><p><span style=\"color: #000000;\">E isto independentemente de querer realizar o sonho de ter as suas pr\u00f3prias quatro paredes, de querer comprar um im\u00f3vel para arrendar (propriedade de investimento) ou de necessitar de financiamento de acompanhamento\/cr\u00e9dito a prazo ou para moderniza\u00e7\u00e3o.<\/span><\/p><p><span style=\"color: #000000;\">Obviamente, tamb\u00e9m o aconselharemos para sabermos com anteced\u00eancia qual o valor de \u201cim\u00f3vel\/propriedade\u201d pode pagar, para que depois se possa dirigir a n\u00f3s com um bom pressentimento quando procurar uma propriedade que lhe conv\u00e9m.<\/span><\/p><p><span style=\"color: #000000;\">Com os nossos muitos anos de experi\u00eancia e compet\u00eancia, acompanh\u00e1-lo-emos durante todo o percurso e assumiremos todo o processamento do seu financiamento imobili\u00e1rio at\u00e9 ao desembolso e claro tamb\u00e9m para al\u00e9m dele.<\/span><\/p><p><span style=\"color: #000000;\">Devido aos nossos muitos anos de atividade no setor imobili\u00e1rio, a nossa empresa goza da confian\u00e7a de bancos de renome e temos o prazer de transmitir condi\u00e7\u00f5es excecionais aos nossos clientes:<\/span><\/p>\t\t\t\t\t\t\t\t<\/div>\n\t\t\t\t<\/div>\n\t\t\t\t\t<\/div>\n\t\t<\/div>\n\t\t\t\t\t<\/div>\n\t\t<\/section>\n\t\t\t\t<section class=\"has_eae_slider elementor-section elementor-top-section elementor-element elementor-element-fe9c225 elementor-section-boxed elementor-section-height-default elementor-section-height-default\" data-eae-slider=\"30105\" data-id=\"fe9c225\" data-element_type=\"section\" data-e-type=\"section\" data-settings=\"{&quot;background_background&quot;:&quot;classic&quot;}\">\n\t\t\t\t\t\t<div class=\"elementor-container elementor-column-gap-default\">\n\t\t\t\t\t<div class=\"has_eae_slider elementor-column elementor-col-100 elementor-top-column elementor-element elementor-element-ae4dbd7\" data-eae-slider=\"6458\" data-id=\"ae4dbd7\" data-element_type=\"column\" data-e-type=\"column\">\n\t\t\t<div class=\"elementor-widget-wrap elementor-element-populated\">\n\t\t\t\t\t\t<div class=\"elementor-element elementor-element-8eca99c elementor-widget elementor-widget-text-editor\" data-id=\"8eca99c\" data-element_type=\"widget\" data-e-type=\"widget\" data-widget_type=\"text-editor.default\">\n\t\t\t\t<div class=\"elementor-widget-container\">\n\t\t\t\t\t\t\t\t\t<ul><li><span style=\"color: #333333;\">Oferecemos-lhe a liberdade de escolha a partir de um grande n\u00famero de bancos regionais e nacionais e sociedades de constru\u00e7\u00e3o e organizamos e comparamos ofertas de financiamento<\/span><\/li><li><span style=\"color: #333333;\">Oferecemos-lhe financiamento imobili\u00e1rio mesmo sem capital pr\u00f3prio<\/span><\/li><li><span style=\"color: #333333;\">Verificamos os subs\u00eddios e subven\u00e7\u00f5es estatais para si<\/span><\/li><li><span style=\"color: #333333;\">Aconselhamo-lo independentemente do produto e do banco e projetamos consigo o caminho para o im\u00f3vel dos seus sonhos<\/span><\/li><li><span style=\"color: #333333;\">Informamo-lo sobre as taxas de juro e damos-lhe dicas valiosas sobre financiamento imobili\u00e1rio<\/span><\/li><li><span style=\"color: #333333;\">Encontramos a melhor solu\u00e7\u00e3o para o seu financiamento imobili\u00e1rio<\/span><\/li><li><span style=\"color: #333333;\">Aconselhamo-lo independentemente do produto e do banco e projetamos consigo o caminho para a sua pr\u00f3pria casa<\/span><\/li><\/ul>\t\t\t\t\t\t\t\t<\/div>\n\t\t\t\t<\/div>\n\t\t\t\t\t<\/div>\n\t\t<\/div>\n\t\t\t\t\t<\/div>\n\t\t<\/section>\n\t\t\t\t<section class=\"has_eae_slider elementor-section elementor-top-section elementor-element elementor-element-f96e247 elementor-section-boxed elementor-section-height-default elementor-section-height-default elementor-invisible\" data-eae-slider=\"86851\" data-id=\"f96e247\" data-element_type=\"section\" data-e-type=\"section\" data-settings=\"{&quot;background_background&quot;:&quot;classic&quot;,&quot;animation&quot;:&quot;fadeInUp&quot;}\">\n\t\t\t\t\t\t<div class=\"elementor-container elementor-column-gap-default\">\n\t\t\t\t\t<div class=\"has_eae_slider elementor-column elementor-col-50 elementor-top-column elementor-element elementor-element-5c7b3c5\" data-eae-slider=\"44850\" data-id=\"5c7b3c5\" data-element_type=\"column\" data-e-type=\"column\" data-settings=\"{&quot;background_background&quot;:&quot;classic&quot;}\">\n\t\t\t<div class=\"elementor-widget-wrap elementor-element-populated\">\n\t\t\t\t\t\t<div class=\"elementor-element elementor-element-d08cfab elementor-widget elementor-widget-text-editor\" data-id=\"d08cfab\" data-element_type=\"widget\" data-e-type=\"widget\" data-widget_type=\"text-editor.default\">\n\t\t\t\t<div class=\"elementor-widget-container\">\n\t\t\t\t\t\t\t\t\t<p><span style=\"color: #ffffff;\">SIMONYAN IMOBILI\u00c1RIOS &amp; Investimento <br \/>Propriet\u00e1rio: Arman Simonyan<br \/>Furtwangler Str. 10<br \/>40724 Hilden<br \/>ALEMANHA<br \/><\/span><\/p>\t\t\t\t\t\t\t\t<\/div>\n\t\t\t\t<\/div>\n\t\t\t\t<div class=\"elementor-element elementor-element-4fabab1 elementor-icon-list--layout-traditional elementor-list-item-link-full_width elementor-widget elementor-widget-icon-list\" data-id=\"4fabab1\" data-element_type=\"widget\" data-e-type=\"widget\" data-widget_type=\"icon-list.default\">\n\t\t\t\t<div class=\"elementor-widget-container\">\n\t\t\t\t\t\t\t<ul class=\"elementor-icon-list-items\">\n\t\t\t\t\t\t\t<li class=\"elementor-icon-list-item\">\n\t\t\t\t\t\t\t\t\t\t\t<span class=\"elementor-icon-list-icon\">\n\t\t\t\t\t\t\t<i aria-hidden=\"true\" class=\"fas fa-phone-alt\"><\/i>\t\t\t\t\t\t<\/span>\n\t\t\t\t\t\t\t\t\t\t<span class=\"elementor-icon-list-text\">+49 2103 99 40 480<\/span>\n\t\t\t\t\t\t\t\t\t<\/li>\n\t\t\t\t\t\t\t\t<li class=\"elementor-icon-list-item\">\n\t\t\t\t\t\t\t\t\t\t\t<span class=\"elementor-icon-list-icon\">\n\t\t\t\t\t\t\t<i aria-hidden=\"true\" class=\"fas fa-fax\"><\/i>\t\t\t\t\t\t<\/span>\n\t\t\t\t\t\t\t\t\t\t<span class=\"elementor-icon-list-text\">+49 2103 97 880 86<\/span>\n\t\t\t\t\t\t\t\t\t<\/li>\n\t\t\t\t\t\t\t\t<li class=\"elementor-icon-list-item\">\n\t\t\t\t\t\t\t\t\t\t\t<span class=\"elementor-icon-list-icon\">\n\t\t\t\t\t\t\t<i aria-hidden=\"true\" class=\"fas fa-mobile-alt\"><\/i>\t\t\t\t\t\t<\/span>\n\t\t\t\t\t\t\t\t\t\t<span class=\"elementor-icon-list-text\">+49 176 219 98 271<\/span>\n\t\t\t\t\t\t\t\t\t<\/li>\n\t\t\t\t\t\t\t\t<li class=\"elementor-icon-list-item\">\n\t\t\t\t\t\t\t\t\t\t\t<span class=\"elementor-icon-list-icon\">\n\t\t\t\t\t\t\t<i aria-hidden=\"true\" class=\"fas fa-envelope\"><\/i>\t\t\t\t\t\t<\/span>\n\t\t\t\t\t\t\t\t\t\t<span class=\"elementor-icon-list-text\">info@simonyan-immobilien.de<\/span>\n\t\t\t\t\t\t\t\t\t<\/li>\n\t\t\t\t\t\t<\/ul>\n\t\t\t\t\t\t<\/div>\n\t\t\t\t<\/div>\n\t\t\t\t\t<\/div>\n\t\t<\/div>\n\t\t\t\t<div class=\"has_eae_slider elementor-column elementor-col-50 elementor-top-column elementor-element elementor-element-4c8df60\" data-eae-slider=\"79657\" data-id=\"4c8df60\" data-element_type=\"column\" data-e-type=\"column\" data-settings=\"{&quot;background_background&quot;:&quot;classic&quot;}\">\n\t\t\t<div class=\"elementor-widget-wrap elementor-element-populated\">\n\t\t\t\t\t\t<div class=\"elementor-element elementor-element-e4bc9b4 elementor-widget elementor-widget-video\" data-id=\"e4bc9b4\" data-element_type=\"widget\" data-e-type=\"widget\" data-settings=\"{&quot;video_type&quot;:&quot;hosted&quot;,&quot;autoplay&quot;:&quot;yes&quot;,&quot;mute&quot;:&quot;yes&quot;,&quot;loop&quot;:&quot;yes&quot;}\" data-widget_type=\"video.default\">\n\t\t\t\t<div class=\"elementor-widget-container\">\n\t\t\t\t\t\t\t<div class=\"e-hosted-video elementor-wrapper elementor-open-inline\">\n\t\t\t\t\t<video class=\"elementor-video\" src=\"http:\/\/neu.simonyan-immobilien.de\/en\/wp-content\/uploads\/2021\/07\/Simonyan-Immobilien-finanzierung.mp4\" autoplay=\"\" loop=\"\" muted=\"muted\" controlsList=\"nodownload\"><\/video>\n\t\t\t\t<\/div>\n\t\t\t\t\t\t<\/div>\n\t\t\t\t<\/div>\n\t\t\t\t\t<\/div>\n\t\t<\/div>\n\t\t\t\t\t<\/div>\n\t\t<\/section>\n\t\t\t\t<\/div>\n\t\t","protected":false},"excerpt":{"rendered":"<p>FINANCIAMENTO Juntamente com um parceiro profissional e experiente, oferecemos tamb\u00e9m os nossos servi\u00e7os na \u00e1rea do \u201cfinanciamento imobili\u00e1rio\u201d. Um bom aconselhamento e, sobretudo, independente, \u00e9 essencial para o financiamento imobili\u00e1rio, uma vez que a compra de um im\u00f3vel \u00e9 frequentemente um investimento a longo prazo no seu pr\u00f3prio futuro e no da sua fam\u00edlia. Isto [&hellip;]<\/p>\n","protected":false},"author":1,"featured_media":0,"parent":0,"menu_order":0,"comment_status":"closed","ping_status":"closed","template":"","meta":{"footnotes":""},"class_list":["post-555","page","type-page","status-publish","hentry"],"_links":{"self":[{"href":"https:\/\/simonyan-immobilien.de\/pt\/wp-json\/wp\/v2\/pages\/555","targetHints":{"allow":["GET"]}}],"collection":[{"href":"https:\/\/simonyan-immobilien.de\/pt\/wp-json\/wp\/v2\/pages"}],"about":[{"href":"https:\/\/simonyan-immobilien.de\/pt\/wp-json\/wp\/v2\/types\/page"}],"author":[{"embeddable":true,"href":"https:\/\/simonyan-immobilien.de\/pt\/wp-json\/wp\/v2\/users\/1"}],"replies":[{"embeddable":true,"href":"https:\/\/simonyan-immobilien.de\/pt\/wp-json\/wp\/v2\/comments?post=555"}],"version-history":[{"count":10,"href":"https:\/\/simonyan-immobilien.de\/pt\/wp-json\/wp\/v2\/pages\/555\/revisions"}],"predecessor-version":[{"id":1298,"href":"https:\/\/simonyan-immobilien.de\/pt\/wp-json\/wp\/v2\/pages\/555\/revisions\/1298"}],"wp:attachment":[{"href":"https:\/\/simonyan-immobilien.de\/pt\/wp-json\/wp\/v2\/media?parent=555"}],"curies":[{"name":"wp","href":"https:\/\/api.w.org\/{rel}","templated":true}]}}