{"id":424,"date":"2021-07-02T15:57:54","date_gmt":"2021-07-02T13:57:54","guid":{"rendered":"http:\/\/neu.simonyan-immobilien.de\/pt\/?page_id=424"},"modified":"2021-08-26T14:40:58","modified_gmt":"2021-08-26T12:40:58","slug":"investoren","status":"publish","type":"page","link":"https:\/\/simonyan-immobilien.de\/pt\/investoren\/","title":{"rendered":"Investors"},"content":{"rendered":"\t\t<div data-elementor-type=\"wp-page\" data-elementor-id=\"424\" class=\"elementor elementor-424\">\n\t\t\t\t\t\t<section class=\"has_eae_slider elementor-section elementor-top-section elementor-element elementor-element-77fc845f elementor-section-full_width elementor-section-height-default elementor-section-height-default\" data-eae-slider=\"42705\" data-id=\"77fc845f\" data-element_type=\"section\" data-e-type=\"section\" data-settings=\"{&quot;background_background&quot;:&quot;classic&quot;}\">\n\t\t\t\t\t\t<div class=\"elementor-container elementor-column-gap-default\">\n\t\t\t\t\t<div class=\"has_eae_slider elementor-column elementor-col-50 elementor-top-column elementor-element elementor-element-2bbc6b7b\" data-eae-slider=\"4286\" data-id=\"2bbc6b7b\" data-element_type=\"column\" data-e-type=\"column\">\n\t\t\t<div class=\"elementor-widget-wrap elementor-element-populated\">\n\t\t\t\t\t\t<div class=\"elementor-element elementor-element-5bce0c6e elementor-widget elementor-widget-text-editor\" data-id=\"5bce0c6e\" data-element_type=\"widget\" data-e-type=\"widget\" data-widget_type=\"text-editor.default\">\n\t\t\t\t<div class=\"elementor-widget-container\">\n\t\t\t\t\t\t\t\t\t<h1 class=\"LC20lb DKV0Md\"><strong>Investidores<\/strong><\/h1>\t\t\t\t\t\t\t\t<\/div>\n\t\t\t\t<\/div>\n\t\t\t\t\t<\/div>\n\t\t<\/div>\n\t\t\t\t<div class=\"has_eae_slider elementor-column elementor-col-50 elementor-top-column elementor-element elementor-element-1acde925\" data-eae-slider=\"30804\" data-id=\"1acde925\" data-element_type=\"column\" data-e-type=\"column\" data-settings=\"{&quot;background_background&quot;:&quot;classic&quot;}\">\n\t\t\t<div class=\"elementor-widget-wrap elementor-element-populated\">\n\t\t\t\t\t\t<div class=\"elementor-element elementor-element-91c273f elementor-widget elementor-widget-spacer\" data-id=\"91c273f\" data-element_type=\"widget\" data-e-type=\"widget\" data-widget_type=\"spacer.default\">\n\t\t\t\t<div class=\"elementor-widget-container\">\n\t\t\t\t\t\t\t<div class=\"elementor-spacer\">\n\t\t\t<div class=\"elementor-spacer-inner\"><\/div>\n\t\t<\/div>\n\t\t\t\t\t\t<\/div>\n\t\t\t\t<\/div>\n\t\t\t\t\t<\/div>\n\t\t<\/div>\n\t\t\t\t\t<\/div>\n\t\t<\/section>\n\t\t\t\t<section class=\"has_eae_slider elementor-section elementor-top-section elementor-element elementor-element-fe9c225 elementor-section-boxed elementor-section-height-default elementor-section-height-default\" data-eae-slider=\"75074\" data-id=\"fe9c225\" data-element_type=\"section\" data-e-type=\"section\">\n\t\t\t\t\t\t<div class=\"elementor-container elementor-column-gap-default\">\n\t\t\t\t\t<div class=\"has_eae_slider elementor-column elementor-col-100 elementor-top-column elementor-element elementor-element-aa843c6\" data-eae-slider=\"73950\" data-id=\"aa843c6\" data-element_type=\"column\" data-e-type=\"column\">\n\t\t\t<div class=\"elementor-widget-wrap elementor-element-populated\">\n\t\t\t\t\t\t<div class=\"elementor-element elementor-element-e9fd2a3 elementor-widget elementor-widget-text-editor\" data-id=\"e9fd2a3\" data-element_type=\"widget\" data-e-type=\"widget\" data-widget_type=\"text-editor.default\">\n\t\t\t\t<div class=\"elementor-widget-container\">\n\t\t\t\t\t\t\t\t\t<p><span style=\"color: #000000;\">As propriedades imobili\u00e1rias oferecidas e solicitadas pelos nossos clientes s\u00e3o muito diversas.<\/span><\/p><p><span style=\"color: #000000;\">Em primeiro lugar, classificamos as solicita\u00e7\u00f5es e ofertas com muito cuidado. De seguida, abordamos nossos clientes de forma direcionada e oferecemos as propriedades adequadas.<\/span><\/p><p><span style=\"color: #000000;\">Tanto na Uni\u00e3o Europeia como no mundo inteiro, existem muitos investidores interessados em fazer neg\u00f3cios lucrativos na <strong>Alemanha<\/strong>.<\/span><\/p><p><span style=\"color: #000000;\">Atrav\u00e9s de aconselhamento adequado, os nossos clientes e investidores podem tomar as decis\u00f5es certas com base em factos e fiabilidade.<\/span><\/p>\t\t\t\t\t\t\t\t<\/div>\n\t\t\t\t<\/div>\n\t\t\t\t<div class=\"elementor-element elementor-element-ef39596 elementor-widget elementor-widget-video\" data-id=\"ef39596\" data-element_type=\"widget\" data-e-type=\"widget\" data-settings=\"{&quot;video_type&quot;:&quot;hosted&quot;,&quot;autoplay&quot;:&quot;yes&quot;,&quot;play_on_mobile&quot;:&quot;yes&quot;,&quot;mute&quot;:&quot;yes&quot;,&quot;loop&quot;:&quot;yes&quot;}\" data-widget_type=\"video.default\">\n\t\t\t\t<div class=\"elementor-widget-container\">\n\t\t\t\t\t\t\t<div class=\"e-hosted-video elementor-wrapper elementor-open-inline\">\n\t\t\t\t\t<video class=\"elementor-video\" src=\"http:\/\/neu.simonyan-immobilien.de\/en\/wp-content\/uploads\/sites\/2\/2021\/07\/Simonyan-Immobilien-invest-.mp4\" autoplay=\"\" loop=\"\" muted=\"muted\" playsinline=\"\" controlsList=\"nodownload\"><\/video>\n\t\t\t\t<\/div>\n\t\t\t\t\t\t<\/div>\n\t\t\t\t<\/div>\n\t\t\t\t\t<\/div>\n\t\t<\/div>\n\t\t\t\t\t<\/div>\n\t\t<\/section>\n\t\t\t\t<\/div>\n\t\t","protected":false},"excerpt":{"rendered":"<p>Investidores As propriedades imobili\u00e1rias oferecidas e solicitadas pelos nossos clientes s\u00e3o muito diversas. Em primeiro lugar, classificamos as solicita\u00e7\u00f5es e ofertas com muito cuidado. De seguida, abordamos nossos clientes de forma direcionada e oferecemos as propriedades adequadas. Tanto na Uni\u00e3o Europeia como no mundo inteiro, existem muitos investidores interessados em fazer neg\u00f3cios lucrativos na Alemanha. [&hellip;]<\/p>\n","protected":false},"author":1,"featured_media":0,"parent":0,"menu_order":0,"comment_status":"closed","ping_status":"closed","template":"elementor_header_footer","meta":{"footnotes":""},"class_list":["post-424","page","type-page","status-publish","hentry"],"_links":{"self":[{"href":"https:\/\/simonyan-immobilien.de\/pt\/wp-json\/wp\/v2\/pages\/424","targetHints":{"allow":["GET"]}}],"collection":[{"href":"https:\/\/simonyan-immobilien.de\/pt\/wp-json\/wp\/v2\/pages"}],"about":[{"href":"https:\/\/simonyan-immobilien.de\/pt\/wp-json\/wp\/v2\/types\/page"}],"author":[{"embeddable":true,"href":"https:\/\/simonyan-immobilien.de\/pt\/wp-json\/wp\/v2\/users\/1"}],"replies":[{"embeddable":true,"href":"https:\/\/simonyan-immobilien.de\/pt\/wp-json\/wp\/v2\/comments?post=424"}],"version-history":[{"count":10,"href":"https:\/\/simonyan-immobilien.de\/pt\/wp-json\/wp\/v2\/pages\/424\/revisions"}],"predecessor-version":[{"id":1301,"href":"https:\/\/simonyan-immobilien.de\/pt\/wp-json\/wp\/v2\/pages\/424\/revisions\/1301"}],"wp:attachment":[{"href":"https:\/\/simonyan-immobilien.de\/pt\/wp-json\/wp\/v2\/media?parent=424"}],"curies":[{"name":"wp","href":"https:\/\/api.w.org\/{rel}","templated":true}]}}