{"id":40,"date":"2021-06-19T19:29:13","date_gmt":"2021-06-19T17:29:13","guid":{"rendered":"http:\/\/neu.simonyan-immobilien.de\/gr\/?page_id=40"},"modified":"2021-07-02T16:21:59","modified_gmt":"2021-07-02T14:21:59","slug":"agb","status":"publish","type":"page","link":"https:\/\/simonyan-immobilien.de\/gr\/agb\/","title":{"rendered":"AGB"},"content":{"rendered":"\t\t<div data-elementor-type=\"wp-page\" data-elementor-id=\"40\" class=\"elementor elementor-40\">\n\t\t\t\t\t\t<section class=\"has_eae_slider elementor-section elementor-top-section elementor-element elementor-element-b381d52 elementor-section-boxed elementor-section-height-default elementor-section-height-default\" data-eae-slider=\"6102\" data-id=\"b381d52\" data-element_type=\"section\" data-e-type=\"section\">\n\t\t\t\t\t\t<div class=\"elementor-container elementor-column-gap-default\">\n\t\t\t\t\t<div class=\"has_eae_slider elementor-column elementor-col-100 elementor-top-column elementor-element elementor-element-f1614f0\" data-eae-slider=\"68976\" data-id=\"f1614f0\" data-element_type=\"column\" data-e-type=\"column\">\n\t\t\t<div class=\"elementor-widget-wrap elementor-element-populated\">\n\t\t\t\t\t\t<div class=\"elementor-element elementor-element-af5737d elementor-widget elementor-widget-text-editor\" data-id=\"af5737d\" data-element_type=\"widget\" data-e-type=\"widget\" data-widget_type=\"text-editor.default\">\n\t\t\t\t<div class=\"elementor-widget-container\">\n\t\t\t\t\t\t\t\t\t<div class=\"content_box\"><p><span style=\"color: #333333;\"><strong>ALLGEMEINE GESCH\u00c4FTSBEDINGUNGEN<\/strong><\/span><br \/><span style=\"color: #333333;\"><strong>des Maklerunternehmens SIMONYAN IMMOBILIEN<\/strong><\/span><\/p><p>\u00a0<\/p><p><span style=\"color: #333333;\"><strong>\u00a7 1 T\u00e4tigkeit<\/strong><\/span><br \/><span style=\"color: #333333;\">Die T\u00e4tigkeit begrenzt sich auf die Vermittlung von Grundst\u00fccken, H\u00e4usern, Gewerbeobjekten und Eigentumswohnungen. Irrtum oder Zwischenverkauf bleiben vorbehalten. Die Angaben und Unterlagen zum Objekt und Angebot stammen sowhl von den Kunden als auch von der Dritten Person, die das Maklerunternehmen\u00a0SIMONYAN Immobilien &amp; Investment zur Verf\u00fcgung gestellt wurden. Das Maklerunternehmen SIMONYAN Immobilien &amp; Investment bem\u00fcht sich grunds\u00e4tzlich immer, m\u00f6glichst vollst\u00e4ndige und wahrheitsgem\u00e4\u00dfe Angaben \u00fcber Vertragspartner oder Objekte zu bekommen. F\u00fcr deren Richtigkeit und Vollst\u00e4ndigkeit kann unsererseits jedoch keine Haftung \u00fcbernommen werden.<\/span><\/p><p><span style=\"color: #333333;\"><strong>\u00a7 2 Maklervertrag<\/strong><\/span><br \/><span style=\"color: #333333;\">Ein Maklervertrag ist dann wirksam, wenn der Interessent von unseren Angeboten Gebrauch macht, wenn der Interessent sich z. B. mit uns oder dem Eigent\u00fcmer direkt in Verbindung setzen. Mit dem Angebotsempfang, zum Beispiel per Post, E-Mail, Fax, Telefon, durch andere Kommunikationsmitteln, das Internet oder auf andere Art und Weise \u2013 treten diese AGB in Kraft.<\/span><\/p><p><span style=\"color: #333333;\"><strong>\u00a7 3 Provisionsanspruch<\/strong><\/span><br \/><span style=\"color: #333333;\">Der Provisionsanspruch entsteht, sobald aufgrund des Nachweises bzw. der Vermittlung ein Vertrag bez\u00fcglich des vom Makler benannten Objektes zustande gekommen ist. Sie ist zahlbar binnen 5 Werktagen nach Rechnungslegung. Die K\u00e4uferprovision bildet sich vom Nettokaufpreis, wenn keine anderen Vereinbarungen getroffen wurden. Die vorstehenden Provisionss\u00e4tze zahlt der Kunde mangels abweichender Vereinbarung an den Makler. Sie gelten unmittelbar, soweit in dem jeweiligen Angebot nicht ausdr\u00fccklich eine andere Provision ausgewiesen ist.<\/span><\/p><p><span style=\"color: #333333;\"><strong>\u00a7 4 F\u00e4lligkeit der Provision<\/strong><\/span><\/p><p><span style=\"color: #333333;\">Der Anspruch auf Provision entsteht dann, wenn durch die Vermittlung oder auf Basis eines Nachweises durch das Maklerunternehmen\u00a0SIMONYAN Immobilien &amp; Investment der Erwerb zu Bedingungen erfolgt, bzw. ein Vertrag selbst \u00fcber das angebotene Objekt erbracht worden ist oder zustande kommt.<\/span><\/p><p><span style=\"color: #333333;\">Die Provision ist jeweils auch dann zu zahlen, wenn einem Anderen als der gem\u00e4\u00df Angebot vorgesehenen Rechtsform Rechte am Objekt \u00fcbertragen werden oder ein Teil- und Mehrerwerb am Objekt erfolgt.<\/span><\/p><p><span style=\"color: #333333;\">Der Anspruch auf Provision bleibt bestehen, wenn der zustande gekommene Vertrag aufgrund aufl\u00f6sender Bedingungen erlischt. Das gleiche gilt, wenn der Vertrag aufgrund eines R\u00fccktrittsvorbehaltes des Auftraggebers aufgel\u00f6st oder aus anderen, in seiner Person liegenden Gr\u00fcnde r\u00fcckg\u00e4ngig gemacht oder nicht erf\u00fcllt wird. Wird der Vertrag erfolgreich angefochten, so ist derjenige Vertragsteil, der den Anfechtungsgrund gesetzt hat, zum Schadenersatz verpflichtet.<\/span><\/p><p><span style=\"color: #333333;\">Bei Zahlungsverzug der Provision sind vom Kunden Verzugszinsen zu zahlen. Die H\u00f6he der Verzugszinsen wird im Gesetzrahmen festgelegt.<\/span><\/p><p><span style=\"color: #333333;\"><strong>\u00a7 5 H\u00f6he der Maklerprovision<\/strong><\/span><\/p><p><span style=\"color: #333333;\">Die Vermittlungs- und Nachweisgeb\u00fchr f\u00fcr den Kauf\/Erwerb von Haus- und Grundbesitz betr\u00e4gt f\u00fcr den K\u00e4ufer 3,57 Prozent des Verkaufspreises inklusive der gesetzlichen Umsatzsteuer, <strong>sofern<\/strong> <strong>nicht eine andere Regelung getroffen wurde.<\/strong><\/span><\/p><p><span style=\"color: #333333;\"><strong>\u00a7 6 Doppelt\u00e4tigkeit &amp; Verweispflicht<\/strong><\/span><\/p><p><span style=\"color: #333333;\">Das Maklerunternehmen SIMONYAN Immobilien &amp; Investment, bzw. der Makler darf im Rahmen des Immobilienverkaufes auch f\u00fcr andere Vertragspartner provisionspflichtig zusammenarbeiten. Im Fall eines erteilten Makler-Alleinauftrag sind m\u00f6gliche direkte oder auch durch andere Makler benannte Interessenten unverz\u00fcglich an den allein beauftragten Makler zu verweisen.<\/span><\/p><p><span style=\"color: #333333;\"><strong>\u00a7 7 Mehrwertsteuer\/Umsatzsteuer<\/strong><\/span><br \/><span style=\"color: #333333;\">Der Provisionssatz ist abh\u00e4ngig von der speziellen Art des Vertragsabschlu\u00dfes und als Basissatz inklusive der jeweils g\u00fcltigen gesetzlichen Umsatzsteuer (zur Zeit 19%) zu verstehen.<\/span><br \/><span style=\"color: #333333;\">Weitere Informationen finden Sie bitte hier: http:\/\/www.gesetze-im-internet.de\/pangv\/__1.html<\/span><\/p><p><span style=\"color: #333333;\"><strong>\u00a7 8 Nebenabreden<\/strong><\/span><br \/><span style=\"color: #333333;\">Nebenabreden zu den Angeboten des Maklerunternehmen\u00a0SIMONYAN Immobilien &amp; Investment bed\u00fcrfen zur ihrer Rechtswirksamkeit der schriftlichen Best\u00e4tigung.<\/span><\/p><p><span style=\"color: #333333;\"><strong>\u00a7 9 Vertraulichkeit der Angebote<\/strong><\/span><br \/><span style=\"color: #333333;\">S\u00e4mtliche Angebote, Mitteilungen oder zutreffende Informationen sind ausschlie\u00dflich an den jeweiligen Adressaten selbst gerichtet. Sie sind absolut vertraulich zu behandeln und d\u00fcrfen Dritten weder als Originaforml noch einfach inhaltlich zur Verf\u00fcgung gestellt werden. Kommt infolge unerlaubter Weitergabe ein Kaufvertrag zustande, so ist der Weitergebende verpflichtet, Schadenersatz in H\u00f6he der im Vorfeld festgelegte Maklerprovision gem\u00e4\u00df \u00a7 5 AGB an das Maklerunternehmen\u00a0SIMONYAN Immobilien &amp; Investment zu zahlen.<\/span><\/p><p><span style=\"color: #333333;\"><strong>\u00a7 10 Mitteilungspflicht<\/strong><\/span><br \/><span style=\"color: #333333;\">Sobald ein Vertragsabschluss \u00fcber ein durch das Maklerunternehmen\u00a0SIMONYAN Immobilien &amp; Investment als Auftragnehmer angebotenes Objekt zustande gekommen ist, hat der Auftraggeber den Auftragnehmer hiervon unverz\u00fcglich in Kenntnis zu setzen. Es besteht Anspruch auf Anwesenheit bei Vertragsabschluss.<\/span><\/p><p><span style=\"color: #333333;\"><strong>\u00a7 11 Haftung<\/strong><\/span><br \/><span style=\"color: #333333;\">Die Haftung f\u00fcr Sch\u00e4den ist auf Vorsatz und grobe Fahrl\u00e4ssigkeit beschr\u00e4nkt.<\/span><\/p><p><span style=\"color: #333333;\"><strong>\u00a7 12 Erf\u00fcllungsort und Gerichtsstand<\/strong><\/span><br \/><span style=\"color: #333333;\">Das Vertragsverh\u00e4ltnis und weitere Gesch\u00e4ftsverbindungen zwischen Maklerunternehmen\u00a0SIMONYAN Immobilien &amp; Investment und dem Kunden unterliegen ausschlie\u00dflich dem deutschen Recht unter Ausschluss des internationalen Kaufrechts. Eine Gerichtsstandvereinbarung nach \u00a7 38 Abs. 1 ZPO m\u00f6glich. Gegen\u00fcber Verbrauchern sind Gerichtsstandsvereinbarungen unzul\u00e4ssig. Eine Gerichtsstandsvereinbarung ist nur wirksam, wenn in ihr deutlich zum Ausdruck kommt, wem gegen\u00fcber sie Anwendung finden soll. Die gesetzlichen Grenzen m\u00fcssen auf jedem Fall eingehalten werden.<\/span><\/p><div>\u00a0<\/div><\/div>\t\t\t\t\t\t\t\t<\/div>\n\t\t\t\t<\/div>\n\t\t\t\t\t<\/div>\n\t\t<\/div>\n\t\t\t\t\t<\/div>\n\t\t<\/section>\n\t\t\t\t<\/div>\n\t\t","protected":false},"excerpt":{"rendered":"<p>ALLGEMEINE GESCH\u00c4FTSBEDINGUNGENdes Maklerunternehmens SIMONYAN IMMOBILIEN \u00a0 \u00a7 1 T\u00e4tigkeitDie T\u00e4tigkeit begrenzt sich auf die Vermittlung von Grundst\u00fccken, H\u00e4usern, Gewerbeobjekten und Eigentumswohnungen. Irrtum oder Zwischenverkauf bleiben vorbehalten. Die Angaben und Unterlagen zum Objekt und Angebot stammen sowhl von den Kunden als auch von der Dritten Person, die das Maklerunternehmen\u00a0SIMONYAN Immobilien &amp; Investment zur Verf\u00fcgung gestellt wurden. [&hellip;]<\/p>\n","protected":false},"author":1,"featured_media":0,"parent":0,"menu_order":0,"comment_status":"closed","ping_status":"closed","template":"elementor_header_footer","meta":{"footnotes":""},"class_list":["post-40","page","type-page","status-publish","hentry"],"_links":{"self":[{"href":"https:\/\/simonyan-immobilien.de\/gr\/wp-json\/wp\/v2\/pages\/40","targetHints":{"allow":["GET"]}}],"collection":[{"href":"https:\/\/simonyan-immobilien.de\/gr\/wp-json\/wp\/v2\/pages"}],"about":[{"href":"https:\/\/simonyan-immobilien.de\/gr\/wp-json\/wp\/v2\/types\/page"}],"author":[{"embeddable":true,"href":"https:\/\/simonyan-immobilien.de\/gr\/wp-json\/wp\/v2\/users\/1"}],"replies":[{"embeddable":true,"href":"https:\/\/simonyan-immobilien.de\/gr\/wp-json\/wp\/v2\/comments?post=40"}],"version-history":[{"count":4,"href":"https:\/\/simonyan-immobilien.de\/gr\/wp-json\/wp\/v2\/pages\/40\/revisions"}],"predecessor-version":[{"id":455,"href":"https:\/\/simonyan-immobilien.de\/gr\/wp-json\/wp\/v2\/pages\/40\/revisions\/455"}],"wp:attachment":[{"href":"https:\/\/simonyan-immobilien.de\/gr\/wp-json\/wp\/v2\/media?parent=40"}],"curies":[{"name":"wp","href":"https:\/\/api.w.org\/{rel}","templated":true}]}}