{"id":38,"date":"2021-06-19T19:28:59","date_gmt":"2021-06-19T17:28:59","guid":{"rendered":"http:\/\/neu.simonyan-immobilien.de\/gr\/?page_id=38"},"modified":"2021-07-12T16:41:57","modified_gmt":"2021-07-12T14:41:57","slug":"widerrufsbelehrung","status":"publish","type":"page","link":"https:\/\/simonyan-immobilien.de\/gr\/widerrufsbelehrung\/","title":{"rendered":"Widerrufsbelehrung"},"content":{"rendered":"\t\t<div data-elementor-type=\"wp-page\" data-elementor-id=\"38\" class=\"elementor elementor-38\">\n\t\t\t\t\t\t<section class=\"has_eae_slider elementor-section elementor-top-section elementor-element elementor-element-9401eee elementor-section-boxed elementor-section-height-default elementor-section-height-default\" data-eae-slider=\"48454\" data-id=\"9401eee\" data-element_type=\"section\" data-e-type=\"section\">\n\t\t\t\t\t\t<div class=\"elementor-container elementor-column-gap-default\">\n\t\t\t\t\t<div class=\"has_eae_slider elementor-column elementor-col-100 elementor-top-column elementor-element elementor-element-c238729\" data-eae-slider=\"77003\" data-id=\"c238729\" data-element_type=\"column\" data-e-type=\"column\">\n\t\t\t<div class=\"elementor-widget-wrap elementor-element-populated\">\n\t\t\t\t\t\t<div class=\"elementor-element elementor-element-3811afd elementor-widget elementor-widget-text-editor\" data-id=\"3811afd\" data-element_type=\"widget\" data-e-type=\"widget\" data-widget_type=\"text-editor.default\">\n\t\t\t\t<div class=\"elementor-widget-container\">\n\t\t\t\t\t\t\t\t\t<h2>Widerrufsbelehrung<\/h2><div class=\"content_box\"><p><strong>Widerrufsrecht<\/strong><br \/>Sie haben das Recht, innerhalb von 14 (vierzehn) Tagen ohne Gr\u00fcnde diesen Vertrag zu widerrufen.<br \/>Die Widerrufsfrist betr\u00e4gt 14 (vierzehn) Tage ab dem Tag des Vertragsabschlusses.<br \/>Um Ihr Widerrufsrecht rechtlich geltend machen zu k\u00f6nnen, m\u00fcssen Sie uns bitte<\/p><p>Simonyan Immobilien &amp; Investment<br \/>Inh. Arman Simonyan<br \/>Furtw\u00e4ngler Str. 10<br \/>40724 Hilden \/ Deutschland<\/p><p>Tel: 02103 99 40 480<br \/>Fax: 02103 97 880 86<br \/>Mobil Nr.: 0176 219 98 271<br \/>info@simonyan-immobilien.de<\/p><p>mittels einer eindeutigen\/klaren Erkl\u00e4rung \u00a0(mit der Post versandter Brief, E-Mail oder Telefax ) \u00fcber Ihre Entscheidung, diesen Vertrag zu widerrufen, mitteilen. Sie k\u00f6nnen daf\u00fcr das\u00a0beigef\u00fcgte Muster-Widerrufsformular verwenden, das jedoch nicht vorgeschrieben ist.<br \/>Zur Wahrung der Widerrufsfrist reicht es aus, dass Sie die Mitteilung \u00fcber die Aus\u00fcbung des\u00a0Widerrufsrechts vor Ablauf der Widerrufsfrist absenden.<\/p><p><strong>Muster-Widerrufsformular<\/strong><\/p><p>Wenn Sie den Verzicht auf den Widerruf erkl\u00e4ren oder den Vertrag widerrufen wollen, dann f\u00fcllen Sie bitte dieses Formular aus und senden Sie es zur\u00fcck.<\/p><p>An<\/p><p>Simonyan Immobilien &amp; Investment<br \/>Inh. Arman Simonyan<br \/>Furtw\u00e4ngler Str. 10<br \/>40724 Hilden \/ Deutschland<\/p><p>Tel: 02103 99 40 480<br \/>Fax: 02103 97 880 86<br \/>Mobil Nr.: 0176 219 98 271<br \/>info@simonyan-immobilien.de<\/p><p>Hiermit widerrufe(n) ich\/wir (*) den von mir\/uns (*) abgeschlossenen Vertrag \u00fcber den Kauf der folgenden Waren (*)\/ die Erbringung der folgenden Dienstleistung (*)<\/p><p>\u2013 Bestellt am (*)\/erhalten am (*)<\/p><p>\u2013 Name des\/der Verbraucher(s)<\/p><p>\u2013 Anschrift des\/der Verbraucher(s)<\/p><p>\u2013 Unterschrift des\/der Verbraucher(s) \u2013 (nur bei papierformigen Mitteilungen)<\/p><p>\u2013 Datum<\/p><p><em>(*) Unzutreffendes bitte streichen.<\/em><\/p><p><strong>Muster Formulare als PDF Datei:<\/strong><\/p><p>\u00a0<\/p><p><em><strong><a href=\"http:\/\/simonyan-immobilien.de\/wp-content\/uploads\/2016\/10\/Widerrufsbelehrung-Simonyan-Immobilien2.pdf\">Widerrufsbelehrung \u2013 Simonyan Immobilien<\/a><\/strong><\/em><\/p><p><em><strong><a href=\"http:\/\/simonyan-immobilien.de\/wp-content\/uploads\/2016\/10\/Verzicht-auf-den-Widerruf-Simonyan-Immobilien1.pdf\">Verzicht auf den Widerruf \u2013 Simonyan Immobilien<\/a><br \/><\/strong><\/em><\/p><p>\u00a0<\/p><p><strong>Download funktioniert nicht?<\/strong><\/p><p>Sie ben\u00f6tigen f\u00fcr diese Dateien das Programm \u201cAcrobat Reader\u201d, den es <a href=\"http:\/\/get.adobe.com\/de\/reader\/\" target=\"_blank\" rel=\"noopener\">hier kostenlos als Download<\/a> f\u00fcr Ihren Computer gibt. Sie k\u00f6nnen uns auch kurz eine E-Mail schreiben und wir senden Ihnen das Widerrufsformular als PDF gern zu.<\/p><p><strong>Folgen des Widerrufs<\/strong><br \/>Wenn Sie diesen Vertrag widerrufen, haben wir Ihnen alle Zahlungen, die wir von Ihnen erhalten haben, einschlie\u00dflich der Lieferkosten (mit Ausnahme der zus\u00e4tzlichen Kosten, die sich daraus ergeben, dass Sie eine andere Art der Lieferung als die von uns angebotene, g\u00fcnstigste Standardlieferung gew\u00e4hlt haben), unverz\u00fcglich und sp\u00e4testens binnen vierzehn Tagen ab dem Tag zur\u00fcckzuzahlen, an dem die Mitteilung \u00fcber Ihren Widerruf dieses Vertrags bei uns eingegangen ist. F\u00fcr diese R\u00fcckzahlung verwenden wir dasselbe Zahlungsmittel, das Sie bei der urspr\u00fcnglichen Transaktion eingesetzt haben, es sei denn, mit Ihnen wurde ausdr\u00fccklich etwas anderes vereinbart; in keinem Fall werden Ihnen wegen dieser R\u00fcckzahlung Entgelte berechnet.<br \/>Haben Sie verlangt, dass die Dienstleistungen w\u00e4hrend der Widerrufsfrist beginnen sollen, so haben Sie uns einen angemessenen Betrag zu zahlen, der dem Anteil der bis zu dem Zeitpunkt, zu dem Sie uns von der Aus\u00fcbung des Widerrufsrechts hinsichtlich dieses Vertrags unterrichten, bereits erbrachten Dienstleistungen im Vergleich zum Gesamtumfang der im Vertrag vorgesehenen Dienstleistungen entspricht.<\/p><p><strong>Hinweis zum vorzeitigen Erl\u00f6schen des Widerrufsrechts<\/strong><br \/>Ihr Widerrufsrecht erlischt bei einem Vertrag zur Erbringung von Dienstleistungen vorzeitig, wenn wir die Dienstleistung vollst\u00e4ndig erbracht haben und mit der Ausf\u00fchrung der Dienstleistung erst begonnen haben, nachdem Sie dazu Ihre ausdr\u00fcckliche Zustimmung gegeben haben und gleichzeitig Ihre Kenntnis davon best\u00e4tigt haben, dass Sie Ihr Widerrufsrecht bei vollst\u00e4ndiger Vertragserf\u00fcllung durch uns verlieren.<\/p><p>Das Widerrufsrecht\u00a0erlischt in jedem Fall (also auch bei unterbliebener oder nicht ordnungsgem\u00e4\u00dfer Belehrung) sp\u00e4testens nach 12 Monaten und 14 Tagen und nicht mehr \u2013 wie bisher \u2013 \u201eunendlich\u201c aus\u00fcbbar ist. EU-Verbraucherrechterichtlinie (RL 2011\/83\/EU) vom 13.06.2014<\/p><div>\u00a0<\/div><\/div>\t\t\t\t\t\t\t\t<\/div>\n\t\t\t\t<\/div>\n\t\t\t\t\t<\/div>\n\t\t<\/div>\n\t\t\t\t\t<\/div>\n\t\t<\/section>\n\t\t\t\t<\/div>\n\t\t","protected":false},"excerpt":{"rendered":"<p>Widerrufsbelehrung WiderrufsrechtSie haben das Recht, innerhalb von 14 (vierzehn) Tagen ohne Gr\u00fcnde diesen Vertrag zu widerrufen.Die Widerrufsfrist betr\u00e4gt 14 (vierzehn) Tage ab dem Tag des Vertragsabschlusses.Um Ihr Widerrufsrecht rechtlich geltend machen zu k\u00f6nnen, m\u00fcssen Sie uns bitte Simonyan Immobilien &amp; InvestmentInh. Arman SimonyanFurtw\u00e4ngler Str. 1040724 Hilden \/ Deutschland Tel: 02103 99 40 480Fax: 02103 97 [&hellip;]<\/p>\n","protected":false},"author":1,"featured_media":0,"parent":0,"menu_order":0,"comment_status":"closed","ping_status":"closed","template":"elementor_header_footer","meta":{"footnotes":""},"class_list":["post-38","page","type-page","status-publish","hentry"],"_links":{"self":[{"href":"https:\/\/simonyan-immobilien.de\/gr\/wp-json\/wp\/v2\/pages\/38","targetHints":{"allow":["GET"]}}],"collection":[{"href":"https:\/\/simonyan-immobilien.de\/gr\/wp-json\/wp\/v2\/pages"}],"about":[{"href":"https:\/\/simonyan-immobilien.de\/gr\/wp-json\/wp\/v2\/types\/page"}],"author":[{"embeddable":true,"href":"https:\/\/simonyan-immobilien.de\/gr\/wp-json\/wp\/v2\/users\/1"}],"replies":[{"embeddable":true,"href":"https:\/\/simonyan-immobilien.de\/gr\/wp-json\/wp\/v2\/comments?post=38"}],"version-history":[{"count":4,"href":"https:\/\/simonyan-immobilien.de\/gr\/wp-json\/wp\/v2\/pages\/38\/revisions"}],"predecessor-version":[{"id":514,"href":"https:\/\/simonyan-immobilien.de\/gr\/wp-json\/wp\/v2\/pages\/38\/revisions\/514"}],"wp:attachment":[{"href":"https:\/\/simonyan-immobilien.de\/gr\/wp-json\/wp\/v2\/media?parent=38"}],"curies":[{"name":"wp","href":"https:\/\/api.w.org\/{rel}","templated":true}]}}