{"id":34,"date":"2021-06-19T19:28:23","date_gmt":"2021-06-19T17:28:23","guid":{"rendered":"http:\/\/neu.simonyan-immobilien.de\/gr\/?page_id=34"},"modified":"2021-07-02T16:24:43","modified_gmt":"2021-07-02T14:24:43","slug":"impressum","status":"publish","type":"page","link":"https:\/\/simonyan-immobilien.de\/gr\/impressum\/","title":{"rendered":"Impressum"},"content":{"rendered":"\t\t<div data-elementor-type=\"wp-page\" data-elementor-id=\"34\" class=\"elementor elementor-34\">\n\t\t\t\t\t\t<section class=\"has_eae_slider elementor-section elementor-top-section elementor-element elementor-element-dd98ef0 elementor-section-boxed elementor-section-height-default elementor-section-height-default\" data-eae-slider=\"854\" data-id=\"dd98ef0\" data-element_type=\"section\" data-e-type=\"section\">\n\t\t\t\t\t\t<div class=\"elementor-container elementor-column-gap-default\">\n\t\t\t\t\t<div class=\"has_eae_slider elementor-column elementor-col-100 elementor-top-column elementor-element elementor-element-85f8a48\" data-eae-slider=\"89926\" data-id=\"85f8a48\" data-element_type=\"column\" data-e-type=\"column\">\n\t\t\t<div class=\"elementor-widget-wrap elementor-element-populated\">\n\t\t\t\t\t\t<div class=\"elementor-element elementor-element-4b07b85 elementor-widget elementor-widget-text-editor\" data-id=\"4b07b85\" data-element_type=\"widget\" data-e-type=\"widget\" data-widget_type=\"text-editor.default\">\n\t\t\t\t<div class=\"elementor-widget-container\">\n\t\t\t\t\t\t\t\t\t<h1><span style=\"color: #333333;\">Impressum<\/span><\/h1><p><span style=\"color: #333333;\"><strong>Pflichtangaben gem\u00e4\u00df \u00a7 5 TMG, \u00a7 2 DL-InfoV und \u00a7 55 RStV:<\/strong><\/span><\/p><p><span style=\"color: #333333;\">Simonyan Immobilien &amp; Investment<\/span><br \/><span style=\"color: #333333;\">Inh. Arman Simonyan<\/span><br \/><span style=\"color: #333333;\">Furtw\u00e4ngler Str. 10<\/span><br \/><span style=\"color: #333333;\">40724 Hilden \/ Deutschland<\/span><\/p><p><span style=\"color: #333333;\"><strong>Gem\u00e4\u00df \u00a7 5 Abs. 1 Nr 1 TMG<\/strong><\/span><\/p><p><span style=\"color: #333333;\">Tel: 02103 99 40 480<\/span><br \/><span style=\"color: #333333;\">Fax: 02103 97 880 86<\/span><br \/><span style=\"color: #333333;\">Mobil Nr.: 0176 219 98 271<\/span><br \/><span style=\"color: #333333;\">info (at) simonyan-immobilien.de<\/span><br \/><span style=\"color: #333333;\">www.simonyan-immobilien.de<\/span><\/p><p><span style=\"color: #333333;\">\u00a7 5 Abs. 1 Nr 2 TMG<\/span><\/p><p><span style=\"color: #333333;\">Domaininhaber: Arman Simonyan<\/span><br \/><span style=\"color: #333333;\">Steuernummer: 135\/5278\/3457<\/span><br \/><span style=\"color: #333333;\">Finanzamt Hilden<\/span><br \/><span style=\"color: #333333;\">IdNr.: 73 169 205 450<\/span><br \/><span style=\"color: #333333;\">USt-IdNr.: DE261681195<\/span><br \/><span style=\"color: #333333;\">gem\u00e4\u00df \u00a7 27a Umsatzsteuergesetz<\/span><br \/><span style=\"color: #333333;\">Zust\u00e4ndiges Gericht f\u00fcr Hilden:<\/span><br \/><span style=\"color: #333333;\">http:\/\/zustaendiges-gericht.de\/index.php#o<\/span><\/p><h2><span style=\"color: #333333;\">Kontakt<\/span><\/h2><p><span style=\"color: #333333;\">Telefon: +49 2103 99 40 480<\/span><br \/><span style=\"color: #333333;\">E-Mail: info@simonyan-group.com<\/span><\/p><p><span style=\"color: #333333;\"><b>Gestaltung &amp; technische Umsetzung:<\/b><\/span><\/p><p><span style=\"color: #333333;\">Die grafische Gestaltung und technische Umsetzung dieser Webseite wurde von I. Minasian realisiert. F\u00fcr den Inhalt bleibt der Herausgeber dieser Webseite verantwortlich. Bei technischen Problemen nehmen Sie bitte Kontakt mit dem Webmaster auf:<\/span><\/p><p><span style=\"color: #333333;\"><a style=\"color: #333333;\" href=\"http:\/\/www.appundweb-design.com\/\">Appundweb-DESIGN<\/a><\/span><br \/><span style=\"color: #333333;\">Ischran Minasian<\/span><br \/><span style=\"color: #333333;\">Salzungerstr 20\u00a0<\/span><br \/><span style=\"color: #333333;\">36251 Bad Hersfeld<\/span><\/p><p><span style=\"color: #333333;\"><strong>Bildquelle:<\/strong> www.unsplash.com<\/span><\/p><h2><span style=\"color: #333333;\">EU-Streitschlichtung<\/span><\/h2><p><span style=\"color: #333333;\">Die Europ\u00e4ische Kommission stellt eine Plattform zur Online-Streitbeilegung (OS) bereit: <a style=\"color: #333333;\" href=\"https:\/\/ec.europa.eu\/consumers\/odr\" target=\"_blank\" rel=\"noopener noreferrer\">https:\/\/ec.europa.eu\/consumers\/odr<\/a>.<\/span><br \/><span style=\"color: #333333;\">Unsere E-Mail-Adresse finden Sie oben im Impressum.<\/span><\/p><h2><span style=\"color: #333333;\">Verbraucher\u00adstreit\u00adbeilegung\/Universal\u00adschlichtungs\u00adstelle<\/span><\/h2><p><span style=\"color: #333333;\">Wir sind nicht bereit oder verpflichtet, an Streitbeilegungsverfahren vor einer Verbraucherschlichtungsstelle teilzunehmen.<\/span><\/p><h3><span style=\"color: #333333;\">Haftung f\u00fcr Inhalte<\/span><\/h3><p><span style=\"color: #333333;\">Als Diensteanbieter sind wir gem\u00e4\u00df \u00a7 7 Abs.1 TMG f\u00fcr eigene Inhalte auf diesen Seiten nach den allgemeinen Gesetzen verantwortlich. Nach \u00a7\u00a7 8 bis 10 TMG sind wir als Diensteanbieter jedoch nicht verpflichtet, \u00fcbermittelte oder gespeicherte fremde Informationen zu \u00fcberwachen oder nach Umst\u00e4nden zu forschen, die auf eine rechtswidrige T\u00e4tigkeit hinweisen.<\/span><\/p><p><span style=\"color: #333333;\">Verpflichtungen zur Entfernung oder Sperrung der Nutzung von Informationen nach den allgemeinen Gesetzen bleiben hiervon unber\u00fchrt. Eine diesbez\u00fcgliche Haftung ist jedoch erst ab dem Zeitpunkt der Kenntnis einer konkreten Rechtsverletzung m\u00f6glich. Bei Bekanntwerden von entsprechenden Rechtsverletzungen werden wir diese Inhalte umgehend entfernen.<\/span><\/p><h3><span style=\"color: #333333;\">Haftung f\u00fcr Links<\/span><\/h3><p><span style=\"color: #333333;\">Unser Angebot enth\u00e4lt Links zu externen Websites Dritter, auf deren Inhalte wir keinen Einfluss haben. Deshalb k\u00f6nnen wir f\u00fcr diese fremden Inhalte auch keine Gew\u00e4hr \u00fcbernehmen. F\u00fcr die Inhalte der verlinkten Seiten ist stets der jeweilige Anbieter oder Betreiber der Seiten verantwortlich. Die verlinkten Seiten wurden zum Zeitpunkt der Verlinkung auf m\u00f6gliche Rechtsverst\u00f6\u00dfe \u00fcberpr\u00fcft. Rechtswidrige Inhalte waren zum Zeitpunkt der Verlinkung nicht erkennbar.<\/span><\/p><p><span style=\"color: #333333;\">Eine permanente inhaltliche Kontrolle der verlinkten Seiten ist jedoch ohne konkrete Anhaltspunkte einer Rechtsverletzung nicht zumutbar. Bei Bekanntwerden von Rechtsverletzungen werden wir derartige Links umgehend entfernen.<\/span><\/p><h3><span style=\"color: #333333;\">Urheberrecht<\/span><\/h3><p><span style=\"color: #333333;\">Die durch die Seitenbetreiber erstellten Inhalte und Werke auf diesen Seiten unterliegen dem deutschen Urheberrecht. Die Vervielf\u00e4ltigung, Bearbeitung, Verbreitung und jede Art der Verwertung au\u00dferhalb der Grenzen des Urheberrechtes bed\u00fcrfen der schriftlichen Zustimmung des jeweiligen Autors bzw. Erstellers. Downloads und Kopien dieser Seite sind nur f\u00fcr den privaten, nicht kommerziellen Gebrauch gestattet.<\/span><\/p><p><span style=\"color: #333333;\">Soweit die Inhalte auf dieser Seite nicht vom Betreiber erstellt wurden, werden die Urheberrechte Dritter beachtet. Insbesondere werden Inhalte Dritter als solche gekennzeichnet. Sollten Sie trotzdem auf eine Urheberrechtsverletzung aufmerksam werden, bitten wir um einen entsprechenden Hinweis. Bei Bekanntwerden von Rechtsverletzungen werden wir derartige Inhalte umgehend entfernen.<\/span><\/p><p><span style=\"color: #333333;\">Quelle: <a style=\"color: #333333;\" href=\"https:\/\/www.e-recht24.de\/\">https:\/\/www.e-recht24.de<\/a><\/span><\/p>\t\t\t\t\t\t\t\t<\/div>\n\t\t\t\t<\/div>\n\t\t\t\t\t<\/div>\n\t\t<\/div>\n\t\t\t\t\t<\/div>\n\t\t<\/section>\n\t\t\t\t<\/div>\n\t\t","protected":false},"excerpt":{"rendered":"<p>Impressum Pflichtangaben gem\u00e4\u00df \u00a7 5 TMG, \u00a7 2 DL-InfoV und \u00a7 55 RStV: Simonyan Immobilien &amp; InvestmentInh. Arman SimonyanFurtw\u00e4ngler Str. 1040724 Hilden \/ Deutschland Gem\u00e4\u00df \u00a7 5 Abs. 1 Nr 1 TMG Tel: 02103 99 40 480Fax: 02103 97 880 86Mobil Nr.: 0176 219 98 271info (at) simonyan-immobilien.dewww.simonyan-immobilien.de \u00a7 5 Abs. 1 Nr 2 TMG [&hellip;]<\/p>\n","protected":false},"author":1,"featured_media":0,"parent":0,"menu_order":0,"comment_status":"closed","ping_status":"closed","template":"elementor_header_footer","meta":{"footnotes":""},"class_list":["post-34","page","type-page","status-publish","hentry"],"_links":{"self":[{"href":"https:\/\/simonyan-immobilien.de\/gr\/wp-json\/wp\/v2\/pages\/34","targetHints":{"allow":["GET"]}}],"collection":[{"href":"https:\/\/simonyan-immobilien.de\/gr\/wp-json\/wp\/v2\/pages"}],"about":[{"href":"https:\/\/simonyan-immobilien.de\/gr\/wp-json\/wp\/v2\/types\/page"}],"author":[{"embeddable":true,"href":"https:\/\/simonyan-immobilien.de\/gr\/wp-json\/wp\/v2\/users\/1"}],"replies":[{"embeddable":true,"href":"https:\/\/simonyan-immobilien.de\/gr\/wp-json\/wp\/v2\/comments?post=34"}],"version-history":[{"count":4,"href":"https:\/\/simonyan-immobilien.de\/gr\/wp-json\/wp\/v2\/pages\/34\/revisions"}],"predecessor-version":[{"id":458,"href":"https:\/\/simonyan-immobilien.de\/gr\/wp-json\/wp\/v2\/pages\/34\/revisions\/458"}],"wp:attachment":[{"href":"https:\/\/simonyan-immobilien.de\/gr\/wp-json\/wp\/v2\/media?parent=34"}],"curies":[{"name":"wp","href":"https:\/\/api.w.org\/{rel}","templated":true}]}}