{"id":555,"date":"2021-07-12T21:27:42","date_gmt":"2021-07-12T19:27:42","guid":{"rendered":"http:\/\/neu.simonyan-immobilien.de\/fr\/?page_id=555"},"modified":"2021-09-13T07:42:49","modified_gmt":"2021-09-13T05:42:49","slug":"financing","status":"publish","type":"page","link":"https:\/\/simonyan-immobilien.de\/fr\/financing\/","title":{"rendered":"FINANCEMENT"},"content":{"rendered":"\t\t<div data-elementor-type=\"wp-page\" data-elementor-id=\"555\" class=\"elementor elementor-555\">\n\t\t\t\t\t\t<section class=\"has_eae_slider elementor-section elementor-top-section elementor-element elementor-element-77fc845f elementor-section-full_width elementor-section-height-default elementor-section-height-default\" data-eae-slider=\"33499\" data-id=\"77fc845f\" data-element_type=\"section\" data-e-type=\"section\" data-settings=\"{&quot;background_background&quot;:&quot;classic&quot;}\">\n\t\t\t\t\t\t<div class=\"elementor-container elementor-column-gap-default\">\n\t\t\t\t\t<div class=\"has_eae_slider elementor-column elementor-col-50 elementor-top-column elementor-element elementor-element-2bbc6b7b\" data-eae-slider=\"78466\" data-id=\"2bbc6b7b\" data-element_type=\"column\" data-e-type=\"column\">\n\t\t\t<div class=\"elementor-widget-wrap elementor-element-populated\">\n\t\t\t\t\t\t<div class=\"elementor-element elementor-element-5bce0c6e elementor-widget elementor-widget-text-editor\" data-id=\"5bce0c6e\" data-element_type=\"widget\" data-e-type=\"widget\" data-widget_type=\"text-editor.default\">\n\t\t\t\t<div class=\"elementor-widget-container\">\n\t\t\t\t\t\t\t\t\t<h1 class=\"LC20lb DKV0Md\">Financement immobilier<\/h1>\t\t\t\t\t\t\t\t<\/div>\n\t\t\t\t<\/div>\n\t\t\t\t\t<\/div>\n\t\t<\/div>\n\t\t\t\t<div class=\"has_eae_slider elementor-column elementor-col-50 elementor-top-column elementor-element elementor-element-1acde925\" data-eae-slider=\"4056\" data-id=\"1acde925\" data-element_type=\"column\" data-e-type=\"column\" data-settings=\"{&quot;background_background&quot;:&quot;classic&quot;}\">\n\t\t\t<div class=\"elementor-widget-wrap elementor-element-populated\">\n\t\t\t\t\t\t<div class=\"elementor-element elementor-element-91c273f elementor-widget elementor-widget-spacer\" data-id=\"91c273f\" data-element_type=\"widget\" data-e-type=\"widget\" data-widget_type=\"spacer.default\">\n\t\t\t\t<div class=\"elementor-widget-container\">\n\t\t\t\t\t\t\t<div class=\"elementor-spacer\">\n\t\t\t<div class=\"elementor-spacer-inner\"><\/div>\n\t\t<\/div>\n\t\t\t\t\t\t<\/div>\n\t\t\t\t<\/div>\n\t\t\t\t\t<\/div>\n\t\t<\/div>\n\t\t\t\t\t<\/div>\n\t\t<\/section>\n\t\t\t\t<section class=\"has_eae_slider elementor-section elementor-top-section elementor-element elementor-element-32e5f545 elementor-section-boxed elementor-section-height-default elementor-section-height-default\" data-eae-slider=\"9659\" data-id=\"32e5f545\" data-element_type=\"section\" data-e-type=\"section\">\n\t\t\t\t\t\t<div class=\"elementor-container elementor-column-gap-default\">\n\t\t\t\t\t<div class=\"has_eae_slider elementor-column elementor-col-100 elementor-top-column elementor-element elementor-element-48e2a4ad\" data-eae-slider=\"11512\" data-id=\"48e2a4ad\" data-element_type=\"column\" data-e-type=\"column\">\n\t\t\t<div class=\"elementor-widget-wrap elementor-element-populated\">\n\t\t\t\t\t\t<div class=\"elementor-element elementor-element-23db5dd9 elementor-widget elementor-widget-text-editor\" data-id=\"23db5dd9\" data-element_type=\"widget\" data-e-type=\"widget\" data-widget_type=\"text-editor.default\">\n\t\t\t\t<div class=\"elementor-widget-container\">\n\t\t\t\t\t\t\t\t\t<p><span style=\"color: #000000;\">Un bon conseil, et surtout un conseil ind\u00e9pendant, est indispensable lors du financement d\u2019un bien immobilier, car l\u2019achat d\u2019un bien est souvent un investissement \u00e0 long terme pour votre propre avenir et celui de votre famille.<\/span><\/p><p><span style=\"color: #000000;\">C\u2019est la raison pour laquelle cela requiert une conception optimale et des objectifs adapt\u00e9s \u00e0 votre situation personnelle.<\/span><\/p><p><span style=\"color: #000000;\">Ensemble, nous planifions votre structure de financement personnelle et optimale et trouvons le partenaire bancaire le plus appropri\u00e9 et le plus favorable \u00e0 vos souhaits.<\/span><\/p><p><span style=\"color: #000000;\">Et ce, ind\u00e9pendamment du fait que vous souhaitiez r\u00e9aliser votre r\u00eave de poss\u00e9der votre propre maison, que vous vouliez acheter une propri\u00e9t\u00e9 \u00e0 louer (propri\u00e9t\u00e9 \u00e0 revenu) ou que vous ayez besoin d\u2019un financement compl\u00e9mentaire\/pr\u00eat \u00e0 l\u2019avance ou d\u2019un pr\u00eat de modernisation.<\/span><\/p><p><span style=\"color: #000000;\">Bien entendu, nous vous conseillerons \u00e9galement sur ce point afin de savoir \u00e0 l\u2019avance combien de \u00ab\u00a0biens immobiliers \/propri\u00e9t\u00e9\u00a0\u00bb vous pouvez vous permettre, afin que vous puissiez ensuite vous adresser \u00e0 nous avec une grande satisfaction dans votre recherche d\u2019un bien qui vous convienne.<\/span><\/p><p><span style=\"color: #000000;\">Forts de notre longue exp\u00e9rience et de notre expertise, nous vous accompagnons tout au long du processus et prenons en charge le traitement complet de votre financement immobilier jusqu\u2019au d\u00e9caissement et, bien s\u00fbr, au-del\u00e0.<\/span><\/p><p><span style=\"color: #000000;\">Gr\u00e2ce \u00e0 nos nombreuses ann\u00e9es d&#8217;activit\u00e9 dans le secteur immobilier, notre soci\u00e9t\u00e9 b\u00e9n\u00e9ficie de la confiance de banques de renom et nous sommes heureux de faire profiter nos clients de conditions exceptionnelles:<\/span><\/p>\t\t\t\t\t\t\t\t<\/div>\n\t\t\t\t<\/div>\n\t\t\t\t\t<\/div>\n\t\t<\/div>\n\t\t\t\t\t<\/div>\n\t\t<\/section>\n\t\t\t\t<section class=\"has_eae_slider elementor-section elementor-top-section elementor-element elementor-element-fe9c225 elementor-section-boxed elementor-section-height-default elementor-section-height-default\" data-eae-slider=\"52191\" data-id=\"fe9c225\" data-element_type=\"section\" data-e-type=\"section\" data-settings=\"{&quot;background_background&quot;:&quot;classic&quot;}\">\n\t\t\t\t\t\t<div class=\"elementor-container elementor-column-gap-default\">\n\t\t\t\t\t<div class=\"has_eae_slider elementor-column elementor-col-100 elementor-top-column elementor-element elementor-element-ae4dbd7\" data-eae-slider=\"27112\" data-id=\"ae4dbd7\" data-element_type=\"column\" data-e-type=\"column\">\n\t\t\t<div class=\"elementor-widget-wrap elementor-element-populated\">\n\t\t\t\t\t\t<div class=\"elementor-element elementor-element-8eca99c elementor-widget elementor-widget-text-editor\" data-id=\"8eca99c\" data-element_type=\"widget\" data-e-type=\"widget\" data-widget_type=\"text-editor.default\">\n\t\t\t\t<div class=\"elementor-widget-container\">\n\t\t\t\t\t\t\t\t\t<ul><li><span style=\"color: #000000;\">Nous vous offrons le libre choix parmi un grand nombre de banques et de soci\u00e9t\u00e9s de cr\u00e9dit immobilier r\u00e9gionales et nationales et nous organisons et comparons les offres de financement<\/span><\/li><li><span style=\"color: #000000;\">Nous vous proposons un financement immobilier m\u00eame sans fonds propres<\/span><\/li><li><span style=\"color: #000000;\">Nous v\u00e9rifions pour vous les subventions et les aides publiques<\/span><\/li><li><span style=\"color: #000000;\">Nous vous conseillons ind\u00e9pendamment des produits et des banques et concevons avec vous le chemin vers la propri\u00e9t\u00e9 de vos r\u00eaves<\/span><\/li><li><span style=\"color: #000000;\">Nous vous informons sur les taux d\u2019int\u00e9r\u00eat et vous prodiguons de pr\u00e9cieux conseils sur le financement des biens immobiliers<\/span><\/li><li><span style=\"color: #000000;\">Nous trouvons la meilleure solution pour le financement de votre propri\u00e9t\u00e9<\/span><\/li><li><span style=\"color: #000000;\">Nous vous conseillons ind\u00e9pendamment des produits et des banques et concevons avec vous le chemin vers votre propre maison<\/span><\/li><\/ul>\t\t\t\t\t\t\t\t<\/div>\n\t\t\t\t<\/div>\n\t\t\t\t\t<\/div>\n\t\t<\/div>\n\t\t\t\t\t<\/div>\n\t\t<\/section>\n\t\t\t\t<section class=\"has_eae_slider elementor-section elementor-top-section elementor-element elementor-element-f96e247 elementor-section-boxed elementor-section-height-default elementor-section-height-default elementor-invisible\" data-eae-slider=\"57207\" data-id=\"f96e247\" data-element_type=\"section\" data-e-type=\"section\" data-settings=\"{&quot;background_background&quot;:&quot;classic&quot;,&quot;animation&quot;:&quot;fadeInUp&quot;}\">\n\t\t\t\t\t\t<div class=\"elementor-container elementor-column-gap-default\">\n\t\t\t\t\t<div class=\"has_eae_slider elementor-column elementor-col-50 elementor-top-column elementor-element elementor-element-5c7b3c5\" data-eae-slider=\"98837\" data-id=\"5c7b3c5\" data-element_type=\"column\" data-e-type=\"column\" data-settings=\"{&quot;background_background&quot;:&quot;classic&quot;}\">\n\t\t\t<div class=\"elementor-widget-wrap elementor-element-populated\">\n\t\t\t\t\t\t<div class=\"elementor-element elementor-element-d08cfab elementor-widget elementor-widget-text-editor\" data-id=\"d08cfab\" data-element_type=\"widget\" data-e-type=\"widget\" data-widget_type=\"text-editor.default\">\n\t\t\t\t<div class=\"elementor-widget-container\">\n\t\t\t\t\t\t\t\t\t<p><span style=\"color: #ffffff;\">SIMONYAN Immobilier &amp; Investment<br \/>Propri\u00e9taire: Arman Simonyan<br \/>Furtwangler Str. 10<br \/>40724 Hilden<br \/>Allemagne<br \/><\/span><\/p>\t\t\t\t\t\t\t\t<\/div>\n\t\t\t\t<\/div>\n\t\t\t\t<div class=\"elementor-element elementor-element-4fabab1 elementor-icon-list--layout-traditional elementor-list-item-link-full_width elementor-widget elementor-widget-icon-list\" data-id=\"4fabab1\" data-element_type=\"widget\" data-e-type=\"widget\" data-widget_type=\"icon-list.default\">\n\t\t\t\t<div class=\"elementor-widget-container\">\n\t\t\t\t\t\t\t<ul class=\"elementor-icon-list-items\">\n\t\t\t\t\t\t\t<li class=\"elementor-icon-list-item\">\n\t\t\t\t\t\t\t\t\t\t\t<span class=\"elementor-icon-list-icon\">\n\t\t\t\t\t\t\t<i aria-hidden=\"true\" class=\"fas fa-phone-alt\"><\/i>\t\t\t\t\t\t<\/span>\n\t\t\t\t\t\t\t\t\t\t<span class=\"elementor-icon-list-text\">+49 2103 99 40 480<\/span>\n\t\t\t\t\t\t\t\t\t<\/li>\n\t\t\t\t\t\t\t\t<li class=\"elementor-icon-list-item\">\n\t\t\t\t\t\t\t\t\t\t\t<span class=\"elementor-icon-list-icon\">\n\t\t\t\t\t\t\t<i aria-hidden=\"true\" class=\"fas fa-fax\"><\/i>\t\t\t\t\t\t<\/span>\n\t\t\t\t\t\t\t\t\t\t<span class=\"elementor-icon-list-text\">+49 2103 97 880 86<\/span>\n\t\t\t\t\t\t\t\t\t<\/li>\n\t\t\t\t\t\t\t\t<li class=\"elementor-icon-list-item\">\n\t\t\t\t\t\t\t\t\t\t\t<span class=\"elementor-icon-list-icon\">\n\t\t\t\t\t\t\t<i aria-hidden=\"true\" class=\"fas fa-mobile-alt\"><\/i>\t\t\t\t\t\t<\/span>\n\t\t\t\t\t\t\t\t\t\t<span class=\"elementor-icon-list-text\">+49 176 219 98 271<\/span>\n\t\t\t\t\t\t\t\t\t<\/li>\n\t\t\t\t\t\t\t\t<li class=\"elementor-icon-list-item\">\n\t\t\t\t\t\t\t\t\t\t\t<span class=\"elementor-icon-list-icon\">\n\t\t\t\t\t\t\t<i aria-hidden=\"true\" class=\"fas fa-envelope\"><\/i>\t\t\t\t\t\t<\/span>\n\t\t\t\t\t\t\t\t\t\t<span class=\"elementor-icon-list-text\">info@simonyan-immobilien.de<\/span>\n\t\t\t\t\t\t\t\t\t<\/li>\n\t\t\t\t\t\t<\/ul>\n\t\t\t\t\t\t<\/div>\n\t\t\t\t<\/div>\n\t\t\t\t\t<\/div>\n\t\t<\/div>\n\t\t\t\t<div class=\"has_eae_slider elementor-column elementor-col-50 elementor-top-column elementor-element elementor-element-4c8df60\" data-eae-slider=\"45420\" data-id=\"4c8df60\" data-element_type=\"column\" data-e-type=\"column\" data-settings=\"{&quot;background_background&quot;:&quot;classic&quot;}\">\n\t\t\t<div class=\"elementor-widget-wrap elementor-element-populated\">\n\t\t\t\t\t\t<div class=\"elementor-element elementor-element-e4bc9b4 elementor-widget elementor-widget-video\" data-id=\"e4bc9b4\" data-element_type=\"widget\" data-e-type=\"widget\" data-settings=\"{&quot;video_type&quot;:&quot;hosted&quot;,&quot;autoplay&quot;:&quot;yes&quot;,&quot;mute&quot;:&quot;yes&quot;,&quot;loop&quot;:&quot;yes&quot;}\" data-widget_type=\"video.default\">\n\t\t\t\t<div class=\"elementor-widget-container\">\n\t\t\t\t\t\t\t<div class=\"e-hosted-video elementor-wrapper elementor-open-inline\">\n\t\t\t\t\t<video class=\"elementor-video\" src=\"https:\/\/simonyan-immobilien.de\/fr\/wp-content\/uploads\/2021\/07\/Simonyan-Immobilien-finanzierung.mp4\" autoplay=\"\" loop=\"\" muted=\"muted\" controlsList=\"nodownload\"><\/video>\n\t\t\t\t<\/div>\n\t\t\t\t\t\t<\/div>\n\t\t\t\t<\/div>\n\t\t\t\t\t<\/div>\n\t\t<\/div>\n\t\t\t\t\t<\/div>\n\t\t<\/section>\n\t\t\t\t<\/div>\n\t\t","protected":false},"excerpt":{"rendered":"<p>Financement immobilier Un bon conseil, et surtout un conseil ind\u00e9pendant, est indispensable lors du financement d\u2019un bien immobilier, car l\u2019achat d\u2019un bien est souvent un investissement \u00e0 long terme pour votre propre avenir et celui de votre famille. C\u2019est la raison pour laquelle cela requiert une conception optimale et des objectifs adapt\u00e9s \u00e0 votre situation [&hellip;]<\/p>\n","protected":false},"author":1,"featured_media":0,"parent":0,"menu_order":0,"comment_status":"closed","ping_status":"closed","template":"","meta":{"footnotes":""},"class_list":["post-555","page","type-page","status-publish","hentry"],"_links":{"self":[{"href":"https:\/\/simonyan-immobilien.de\/fr\/wp-json\/wp\/v2\/pages\/555","targetHints":{"allow":["GET"]}}],"collection":[{"href":"https:\/\/simonyan-immobilien.de\/fr\/wp-json\/wp\/v2\/pages"}],"about":[{"href":"https:\/\/simonyan-immobilien.de\/fr\/wp-json\/wp\/v2\/types\/page"}],"author":[{"embeddable":true,"href":"https:\/\/simonyan-immobilien.de\/fr\/wp-json\/wp\/v2\/users\/1"}],"replies":[{"embeddable":true,"href":"https:\/\/simonyan-immobilien.de\/fr\/wp-json\/wp\/v2\/comments?post=555"}],"version-history":[{"count":10,"href":"https:\/\/simonyan-immobilien.de\/fr\/wp-json\/wp\/v2\/pages\/555\/revisions"}],"predecessor-version":[{"id":1396,"href":"https:\/\/simonyan-immobilien.de\/fr\/wp-json\/wp\/v2\/pages\/555\/revisions\/1396"}],"wp:attachment":[{"href":"https:\/\/simonyan-immobilien.de\/fr\/wp-json\/wp\/v2\/media?parent=555"}],"curies":[{"name":"wp","href":"https:\/\/api.w.org\/{rel}","templated":true}]}}