{"id":422,"date":"2021-07-02T15:57:34","date_gmt":"2021-07-02T13:57:34","guid":{"rendered":"http:\/\/neu.simonyan-immobilien.de\/fr\/?page_id=422"},"modified":"2021-08-21T11:38:05","modified_gmt":"2021-08-21T09:38:05","slug":"auslandsimmobilien","status":"publish","type":"page","link":"https:\/\/simonyan-immobilien.de\/fr\/auslandsimmobilien\/","title":{"rendered":"Immobilier \u00e0 l\u2019\u00e9tranger"},"content":{"rendered":"\t\t<div data-elementor-type=\"wp-page\" data-elementor-id=\"422\" class=\"elementor elementor-422\">\n\t\t\t\t\t\t<section class=\"has_eae_slider elementor-section elementor-top-section elementor-element elementor-element-77fc845f elementor-section-full_width elementor-section-height-default elementor-section-height-default\" data-eae-slider=\"40519\" data-id=\"77fc845f\" data-element_type=\"section\" data-e-type=\"section\" data-settings=\"{&quot;background_background&quot;:&quot;classic&quot;}\">\n\t\t\t\t\t\t<div class=\"elementor-container elementor-column-gap-default\">\n\t\t\t\t\t<div class=\"has_eae_slider elementor-column elementor-col-50 elementor-top-column elementor-element elementor-element-2bbc6b7b\" data-eae-slider=\"46562\" data-id=\"2bbc6b7b\" data-element_type=\"column\" data-e-type=\"column\">\n\t\t\t<div class=\"elementor-widget-wrap elementor-element-populated\">\n\t\t\t\t\t\t<div class=\"elementor-element elementor-element-5bce0c6e elementor-widget elementor-widget-text-editor\" data-id=\"5bce0c6e\" data-element_type=\"widget\" data-e-type=\"widget\" data-widget_type=\"text-editor.default\">\n\t\t\t\t<div class=\"elementor-widget-container\">\n\t\t\t\t\t\t\t\t\t<h1 class=\"LC20lb DKV0Md\">Immobilier \u00e0 l\u2019\u00e9tranger<\/h1>\t\t\t\t\t\t\t\t<\/div>\n\t\t\t\t<\/div>\n\t\t\t\t\t<\/div>\n\t\t<\/div>\n\t\t\t\t<div class=\"has_eae_slider elementor-column elementor-col-50 elementor-top-column elementor-element elementor-element-1acde925\" data-eae-slider=\"86685\" data-id=\"1acde925\" data-element_type=\"column\" data-e-type=\"column\" data-settings=\"{&quot;background_background&quot;:&quot;classic&quot;}\">\n\t\t\t<div class=\"elementor-widget-wrap elementor-element-populated\">\n\t\t\t\t\t\t<div class=\"elementor-element elementor-element-91c273f elementor-widget elementor-widget-spacer\" data-id=\"91c273f\" data-element_type=\"widget\" data-e-type=\"widget\" data-widget_type=\"spacer.default\">\n\t\t\t\t<div class=\"elementor-widget-container\">\n\t\t\t\t\t\t\t<div class=\"elementor-spacer\">\n\t\t\t<div class=\"elementor-spacer-inner\"><\/div>\n\t\t<\/div>\n\t\t\t\t\t\t<\/div>\n\t\t\t\t<\/div>\n\t\t\t\t\t<\/div>\n\t\t<\/div>\n\t\t\t\t\t<\/div>\n\t\t<\/section>\n\t\t\t\t<section class=\"has_eae_slider elementor-section elementor-top-section elementor-element elementor-element-fe9c225 elementor-section-boxed elementor-section-height-default elementor-section-height-default\" data-eae-slider=\"7347\" data-id=\"fe9c225\" data-element_type=\"section\" data-e-type=\"section\">\n\t\t\t\t\t\t<div class=\"elementor-container elementor-column-gap-default\">\n\t\t\t\t\t<div class=\"has_eae_slider elementor-column elementor-col-100 elementor-top-column elementor-element elementor-element-aa843c6\" data-eae-slider=\"37800\" data-id=\"aa843c6\" data-element_type=\"column\" data-e-type=\"column\">\n\t\t\t<div class=\"elementor-widget-wrap elementor-element-populated\">\n\t\t\t\t\t\t<div class=\"elementor-element elementor-element-e9fd2a3 elementor-widget elementor-widget-text-editor\" data-id=\"e9fd2a3\" data-element_type=\"widget\" data-e-type=\"widget\" data-widget_type=\"text-editor.default\">\n\t\t\t\t<div class=\"elementor-widget-container\">\n\t\t\t\t\t\t\t\t\t<p><span style=\"color: #333333;\">Gr\u00e2ce \u00e0 nos contacts internationaux, nous offrons \u00e0 nos clients de nouvelles possibilit\u00e9s d&#8217;acheter la propri\u00e9t\u00e9 de leurs r\u00eaves. Avec nous, vous \u00e9conomisez du temps, de l&#8217;argent et du stress inutile. Nous concevons la propri\u00e9t\u00e9 de vos r\u00eaves et vous conseillons sur les autres d\u00e9tails techniques.<\/span><\/p><p><strong><span style=\"color: #000000;\">Toutes les questions juridiques, telles que la pr\u00e9paration des documents n\u00e9cessaires pour le notaire, les traductions, les certifications notariales et les sur-certifications \/ apostilles etc., nous vous les assurons par le biais de notre soci\u00e9t\u00e9 A&amp;L Simonyan Dolmetscher- &amp; \u00dcbersetzungsb\u00fcro (www.simonyan-uebersetzungen.de). Notre groupe de soci\u00e9t\u00e9s s&#8217;occupera de vos transactions commerciales dans tous les cas individuels et compliqu\u00e9s.<\/span><\/strong><\/p>\t\t\t\t\t\t\t\t<\/div>\n\t\t\t\t<\/div>\n\t\t\t\t<div class=\"elementor-element elementor-element-f86400f elementor-widget elementor-widget-video\" data-id=\"f86400f\" data-element_type=\"widget\" data-e-type=\"widget\" data-settings=\"{&quot;video_type&quot;:&quot;hosted&quot;,&quot;autoplay&quot;:&quot;yes&quot;,&quot;play_on_mobile&quot;:&quot;yes&quot;,&quot;mute&quot;:&quot;yes&quot;,&quot;loop&quot;:&quot;yes&quot;}\" data-widget_type=\"video.default\">\n\t\t\t\t<div class=\"elementor-widget-container\">\n\t\t\t\t\t\t\t<div class=\"e-hosted-video elementor-wrapper elementor-open-inline\">\n\t\t\t\t\t<video class=\"elementor-video\" src=\"https:\/\/simonyan-immobilien.de\/fr\/wp-content\/uploads\/sites\/2\/2021\/07\/Simonyan-Immobilien-ausland-.mp4\" autoplay=\"\" loop=\"\" muted=\"muted\" playsinline=\"\" controlsList=\"nodownload\"><\/video>\n\t\t\t\t<\/div>\n\t\t\t\t\t\t<\/div>\n\t\t\t\t<\/div>\n\t\t\t\t\t<\/div>\n\t\t<\/div>\n\t\t\t\t\t<\/div>\n\t\t<\/section>\n\t\t\t\t<section class=\"has_eae_slider elementor-section elementor-top-section elementor-element elementor-element-123569c4 elementor-section-boxed elementor-section-height-default elementor-section-height-default\" data-eae-slider=\"69974\" data-id=\"123569c4\" data-element_type=\"section\" data-e-type=\"section\">\n\t\t\t\t\t\t<div class=\"elementor-container elementor-column-gap-default\">\n\t\t\t\t\t<div class=\"has_eae_slider elementor-column elementor-col-100 elementor-top-column elementor-element elementor-element-5abcc9b6\" data-eae-slider=\"57178\" data-id=\"5abcc9b6\" data-element_type=\"column\" data-e-type=\"column\">\n\t\t\t<div class=\"elementor-widget-wrap elementor-element-populated\">\n\t\t\t\t\t\t<section class=\"has_eae_slider elementor-section elementor-inner-section elementor-element elementor-element-5d1b45c0 elementor-section-boxed elementor-section-height-default elementor-section-height-default\" data-eae-slider=\"37959\" data-id=\"5d1b45c0\" data-element_type=\"section\" data-e-type=\"section\" data-settings=\"{&quot;background_background&quot;:&quot;classic&quot;}\">\n\t\t\t\t\t\t<div class=\"elementor-container elementor-column-gap-default\">\n\t\t\t\t\t<div class=\"has_eae_slider elementor-column elementor-col-50 elementor-inner-column elementor-element elementor-element-25213c5a\" data-eae-slider=\"93949\" data-id=\"25213c5a\" data-element_type=\"column\" data-e-type=\"column\">\n\t\t\t<div class=\"elementor-widget-wrap elementor-element-populated\">\n\t\t\t\t\t\t<div class=\"elementor-element elementor-element-7ca51f1f elementor-widget elementor-widget-text-editor\" data-id=\"7ca51f1f\" data-element_type=\"widget\" data-e-type=\"widget\" data-widget_type=\"text-editor.default\">\n\t\t\t\t<div class=\"elementor-widget-container\">\n\t\t\t\t\t\t\t\t\t<h4><span style=\"color: #ffffff;\"><strong>N\u2019h\u00e9sitez pas \u00e0 nous contacter, nous serons heureux de vous conseiller.<\/strong><\/span><\/h4>\t\t\t\t\t\t\t\t<\/div>\n\t\t\t\t<\/div>\n\t\t\t\t\t<\/div>\n\t\t<\/div>\n\t\t\t\t<div class=\"has_eae_slider elementor-column elementor-col-50 elementor-inner-column elementor-element elementor-element-4fea0b4\" data-eae-slider=\"64652\" data-id=\"4fea0b4\" data-element_type=\"column\" data-e-type=\"column\">\n\t\t\t<div class=\"elementor-widget-wrap elementor-element-populated\">\n\t\t\t\t\t\t<div class=\"elementor-element elementor-element-1a6a1125 elementor-align-center elementor-widget elementor-widget-button\" data-id=\"1a6a1125\" data-element_type=\"widget\" data-e-type=\"widget\" data-widget_type=\"button.default\">\n\t\t\t\t<div class=\"elementor-widget-container\">\n\t\t\t\t\t\t\t\t\t<div class=\"elementor-button-wrapper\">\n\t\t\t\t\t<a class=\"elementor-button elementor-button-link elementor-size-md\" href=\"https:\/\/simonyan-immobilien.de\/fr\/kontakt\/\">\n\t\t\t\t\t\t<span class=\"elementor-button-content-wrapper\">\n\t\t\t\t\t\t\t\t\t<span class=\"elementor-button-text\">CONTACT<\/span>\n\t\t\t\t\t<\/span>\n\t\t\t\t\t<\/a>\n\t\t\t\t<\/div>\n\t\t\t\t\t\t\t\t<\/div>\n\t\t\t\t<\/div>\n\t\t\t\t\t<\/div>\n\t\t<\/div>\n\t\t\t\t\t<\/div>\n\t\t<\/section>\n\t\t\t\t\t<\/div>\n\t\t<\/div>\n\t\t\t\t\t<\/div>\n\t\t<\/section>\n\t\t\t\t<\/div>\n\t\t","protected":false},"excerpt":{"rendered":"<p>Immobilier \u00e0 l\u2019\u00e9tranger Gr\u00e2ce \u00e0 nos contacts internationaux, nous offrons \u00e0 nos clients de nouvelles possibilit\u00e9s d&#8217;acheter la propri\u00e9t\u00e9 de leurs r\u00eaves. Avec nous, vous \u00e9conomisez du temps, de l&#8217;argent et du stress inutile. Nous concevons la propri\u00e9t\u00e9 de vos r\u00eaves et vous conseillons sur les autres d\u00e9tails techniques. Toutes les questions juridiques, telles que [&hellip;]<\/p>\n","protected":false},"author":1,"featured_media":0,"parent":0,"menu_order":0,"comment_status":"closed","ping_status":"closed","template":"","meta":{"footnotes":""},"class_list":["post-422","page","type-page","status-publish","hentry"],"_links":{"self":[{"href":"https:\/\/simonyan-immobilien.de\/fr\/wp-json\/wp\/v2\/pages\/422","targetHints":{"allow":["GET"]}}],"collection":[{"href":"https:\/\/simonyan-immobilien.de\/fr\/wp-json\/wp\/v2\/pages"}],"about":[{"href":"https:\/\/simonyan-immobilien.de\/fr\/wp-json\/wp\/v2\/types\/page"}],"author":[{"embeddable":true,"href":"https:\/\/simonyan-immobilien.de\/fr\/wp-json\/wp\/v2\/users\/1"}],"replies":[{"embeddable":true,"href":"https:\/\/simonyan-immobilien.de\/fr\/wp-json\/wp\/v2\/comments?post=422"}],"version-history":[{"count":10,"href":"https:\/\/simonyan-immobilien.de\/fr\/wp-json\/wp\/v2\/pages\/422\/revisions"}],"predecessor-version":[{"id":1328,"href":"https:\/\/simonyan-immobilien.de\/fr\/wp-json\/wp\/v2\/pages\/422\/revisions\/1328"}],"wp:attachment":[{"href":"https:\/\/simonyan-immobilien.de\/fr\/wp-json\/wp\/v2\/media?parent=422"}],"curies":[{"name":"wp","href":"https:\/\/api.w.org\/{rel}","templated":true}]}}