{"id":26,"date":"2021-06-19T17:04:27","date_gmt":"2021-06-19T15:04:27","guid":{"rendered":"http:\/\/neu.simonyan-immobilien.de\/fr\/?page_id=26"},"modified":"2021-08-21T11:41:36","modified_gmt":"2021-08-21T09:41:36","slug":"kaufen","status":"publish","type":"page","link":"https:\/\/simonyan-immobilien.de\/fr\/dienstleistungen\/kaufen\/","title":{"rendered":"Pour les acheteurs"},"content":{"rendered":"\t\t<div data-elementor-type=\"wp-page\" data-elementor-id=\"26\" class=\"elementor elementor-26\">\n\t\t\t\t\t\t<section class=\"has_eae_slider elementor-section elementor-top-section elementor-element elementor-element-389c08c4 elementor-section-full_width elementor-section-height-default elementor-section-height-default\" data-eae-slider=\"88847\" data-id=\"389c08c4\" data-element_type=\"section\" data-e-type=\"section\" data-settings=\"{&quot;background_background&quot;:&quot;classic&quot;}\">\n\t\t\t\t\t\t<div class=\"elementor-container elementor-column-gap-default\">\n\t\t\t\t\t<div class=\"has_eae_slider elementor-column elementor-col-50 elementor-top-column elementor-element elementor-element-3c7a2182\" data-eae-slider=\"75033\" data-id=\"3c7a2182\" data-element_type=\"column\" data-e-type=\"column\">\n\t\t\t<div class=\"elementor-widget-wrap elementor-element-populated\">\n\t\t\t\t\t\t<div class=\"elementor-element elementor-element-714afa8 elementor-widget elementor-widget-text-editor\" data-id=\"714afa8\" data-element_type=\"widget\" data-e-type=\"widget\" data-widget_type=\"text-editor.default\">\n\t\t\t\t<div class=\"elementor-widget-container\">\n\t\t\t\t\t\t\t\t\t<h2 class=\"LC20lb DKV0Md\"><strong>Souhaitez-vous acheter une maison, un appartement en pleine propri\u00e9t\u00e9, un terrain ou une propri\u00e9t\u00e9 commerciale ?<\/strong><\/h2>\t\t\t\t\t\t\t\t<\/div>\n\t\t\t\t<\/div>\n\t\t\t\t<div class=\"elementor-element elementor-element-b548f10 elementor-widget elementor-widget-text-editor\" data-id=\"b548f10\" data-element_type=\"widget\" data-e-type=\"widget\" data-widget_type=\"text-editor.default\">\n\t\t\t\t<div class=\"elementor-widget-container\">\n\t\t\t\t\t\t\t\t\t<h3><span style=\"color: #ffffff;\">Alors vous \u00eates au bon endroit chez nous !<\/span><\/h3>\t\t\t\t\t\t\t\t<\/div>\n\t\t\t\t<\/div>\n\t\t\t\t\t<\/div>\n\t\t<\/div>\n\t\t\t\t<div class=\"has_eae_slider elementor-column elementor-col-50 elementor-top-column elementor-element elementor-element-5eb1851e\" data-eae-slider=\"81823\" data-id=\"5eb1851e\" data-element_type=\"column\" data-e-type=\"column\" data-settings=\"{&quot;background_background&quot;:&quot;classic&quot;}\">\n\t\t\t<div class=\"elementor-widget-wrap elementor-element-populated\">\n\t\t\t\t\t\t<div class=\"elementor-element elementor-element-72bedba7 elementor-widget elementor-widget-spacer\" data-id=\"72bedba7\" data-element_type=\"widget\" data-e-type=\"widget\" data-widget_type=\"spacer.default\">\n\t\t\t\t<div class=\"elementor-widget-container\">\n\t\t\t\t\t\t\t<div class=\"elementor-spacer\">\n\t\t\t<div class=\"elementor-spacer-inner\"><\/div>\n\t\t<\/div>\n\t\t\t\t\t\t<\/div>\n\t\t\t\t<\/div>\n\t\t\t\t\t<\/div>\n\t\t<\/div>\n\t\t\t\t\t<\/div>\n\t\t<\/section>\n\t\t\t\t<section class=\"has_eae_slider elementor-section elementor-top-section elementor-element elementor-element-788b5bcf elementor-section-boxed elementor-section-height-default elementor-section-height-default\" data-eae-slider=\"35515\" data-id=\"788b5bcf\" data-element_type=\"section\" data-e-type=\"section\">\n\t\t\t\t\t\t<div class=\"elementor-container elementor-column-gap-default\">\n\t\t\t\t\t<div class=\"has_eae_slider elementor-column elementor-col-100 elementor-top-column elementor-element elementor-element-67f89f91\" data-eae-slider=\"79049\" data-id=\"67f89f91\" data-element_type=\"column\" data-e-type=\"column\">\n\t\t\t<div class=\"elementor-widget-wrap elementor-element-populated\">\n\t\t\t\t\t\t<div class=\"elementor-element elementor-element-44fa209 elementor-widget elementor-widget-text-editor\" data-id=\"44fa209\" data-element_type=\"widget\" data-e-type=\"widget\" data-widget_type=\"text-editor.default\">\n\t\t\t\t<div class=\"elementor-widget-container\">\n\t\t\t\t\t\t\t\t\t<p><span style=\"color: #333333;\">Si vous souhaitez acheter une maison, un appartement en pleine propri\u00e9t\u00e9, un terrain ou une propri\u00e9t\u00e9 commerciale qui vous convient, veuillez remplir le formulaire de demande suivant de la mani\u00e8re la plus compl\u00e8te possible et nous l\u2019envoyer. Nous vous contacterons par t\u00e9l\u00e9phone dans un d\u00e9lai d\u2019un jour et fixerons un premier rendez-vous personnel avec vous. Si vous avez d\u2019autres questions, n\u2019h\u00e9sitez pas \u00e0 nous appeler.<\/span><\/p>\t\t\t\t\t\t\t\t<\/div>\n\t\t\t\t<\/div>\n\t\t\t\t<div class=\"elementor-element elementor-element-774250ee eael-caldera-form-button-full-width eael-caldera-form-labels-yes elementor-widget elementor-widget-eael-caldera-form\" data-id=\"774250ee\" data-element_type=\"widget\" data-e-type=\"widget\" data-widget_type=\"eael-caldera-form.default\">\n\t\t\t\t<div class=\"elementor-widget-container\">\n\t\t\t\t\t            <div class=\"eael-contact-form eael-caldera-form eael-contact-form-align-left\">\n                                <div class=\"caldera-grid\" id=\"caldera_form_1\" data-cf-ver=\"1.9.7\" data-cf-form-id=\"CF60ded5ab3add1\"><div id=\"caldera_notices_1\" data-spinner=\"https:\/\/simonyan-immobilien.de\/fr\/wp-admin\/images\/spinner.gif\"><\/div><form data-instance=\"1\" class=\"CF60ded5ab3add1 caldera_forms_form cfajax-trigger\" method=\"POST\" enctype=\"multipart\/form-data\" id=\"CF60ded5ab3add1_1\" data-form-id=\"CF60ded5ab3add1\" aria-label=\"Kaufen\" data-target=\"#caldera_notices_1\" data-template=\"#cfajax_CF60ded5ab3add1-tmpl\" data-cfajax=\"CF60ded5ab3add1\" data-load-element=\"_parent\" data-load-class=\"cf_processing\" data-post-disable=\"0\" data-action=\"cf_process_ajax_submit\" data-request=\"https:\/\/simonyan-immobilien.de\/fr\/cf-api\/CF60ded5ab3add1\" data-hiderows=\"true\">\r\n<input type=\"hidden\" id=\"_cf_verify_CF60ded5ab3add1\" name=\"_cf_verify\" value=\"a9cebd18e3\"  data-nonce-time=\"1776180062\" \/><input type=\"hidden\" name=\"_wp_http_referer\" value=\"\/fr\/wp-json\/wp\/v2\/pages\/26\" \/><div id=\"cf2-CF60ded5ab3add1_1\"><\/div><input type=\"hidden\" name=\"_cf_frm_id\" value=\"CF60ded5ab3add1\">\r\n<input type=\"hidden\" name=\"_cf_frm_ct\" value=\"1\">\r\n<input type=\"hidden\" name=\"cfajax\" value=\"CF60ded5ab3add1\">\r\n<input type=\"hidden\" name=\"_cf_cr_pst\" value=\"26\">\r\n<div class=\"hide\" style=\"display:none; overflow:hidden;height:0;width:0;\">\r\n<label>Name<\/label><input type=\"text\" name=\"name\" value=\"\" autocomplete=\"off\">\r\n<\/div><div id=\"form_page_1_pg_1\" data-formpage=\"1\" class=\"caldera-form-page\" style=\"display:block;\" role=\"region\" aria-labelledby=\"breadcrumb_1_pg_1\" aria-hidden=\"false\"><div id=\"CF60ded5ab3add1_1-row-1\"  class=\"row  first_row\"><div  class=\"col-sm-12  single\"><div class=\"\"><h3>Quel type de propri\u00e9t\u00e9 recherchez-vous ?<\/h3>\n<\/div><div data-field-wrapper=\"fld_9115575\" class=\"form-group\" id=\"fld_9115575_1-wrap\">\r\n<label id=\"fld_9115575Label\" for=\"fld_9115575_1\" class=\"control-label screen-reader-text sr-only\">Immobilientyp<\/label>\r\n<div class=\"\">\r\n\t\t\t\t<label class=\"radio-inline\" data-label=\"Maisons \" for=\"fld_9115575_1_opt1823486\"><input type=\"radio\" id=\"fld_9115575_1_opt1823486\" data-field=\"fld_9115575\" class=\"fld_9115575_1 option-required\" name=\"fld_9115575\" value=\"Maisons \"   required=\"required\" data-radio-field=\"fld_9115575_1\" data-type=\"radio\" data-calc-value=\"Maisons \" \/>\n\t\t\tMaisons \t\t<\/label>\n\t\t\t\t\t\t\t\t<label class=\"radio-inline\" data-label=\"Appartements\" for=\"fld_9115575_1_opt1638401\"><input type=\"radio\" id=\"fld_9115575_1_opt1638401\" data-field=\"fld_9115575\" class=\"fld_9115575_1 option-required\" name=\"fld_9115575\" value=\"Appartements\"   required=\"required\" data-radio-field=\"fld_9115575_1\" data-type=\"radio\" data-calc-value=\"Appartements\" \/>\n\t\t\tAppartements\t\t<\/label>\n\t\t\t\t\t\t\t\t<label class=\"radio-inline\" data-label=\"Immobilier commercial\" for=\"fld_9115575_1_opt1641735\"><input type=\"radio\" id=\"fld_9115575_1_opt1641735\" data-field=\"fld_9115575\" class=\"fld_9115575_1 option-required\" name=\"fld_9115575\" value=\"Immobilier commercial\"   required=\"required\" data-radio-field=\"fld_9115575_1\" data-type=\"radio\" data-calc-value=\"Immobilier commercial\" \/>\n\t\t\tImmobilier commercial\t\t<\/label>\n\t\t\t\t\t\t\t\t<label class=\"radio-inline\" data-label=\"Parcelle de terrain\" for=\"fld_9115575_1_opt1478668\"><input type=\"radio\" id=\"fld_9115575_1_opt1478668\" data-field=\"fld_9115575\" class=\"fld_9115575_1 option-required\" name=\"fld_9115575\" value=\"Parcelle de terrain\"   required=\"required\" data-radio-field=\"fld_9115575_1\" data-type=\"radio\" data-calc-value=\"Parcelle de terrain\" \/>\n\t\t\tParcelle de terrain\t\t<\/label>\n\t\t\t\t<\/div>\r\n<\/div>\r\n<\/div><\/div><div id=\"CF60ded5ab3add1_1-row-2\"  class=\"row \"><div  class=\"col-sm-6  first_col\"><div data-field-wrapper=\"fld_4221478\" class=\"form-group\" id=\"fld_4221478_1-wrap\">\r\n\t<label id=\"fld_4221478Label\" for=\"fld_4221478_1\" class=\"control-label\">Surface habitable en m\u00b2<\/label>\r\n\t<div class=\"\">\r\n\t\t<input    type=\"text\" data-field=\"fld_4221478\" class=\" form-control\" id=\"fld_4221478_1\" name=\"fld_4221478\" value=\"\" data-type=\"text\"   aria-labelledby=\"fld_4221478Label\" >\t\t\t<\/div>\r\n<\/div>\r\n<\/div><div  class=\"col-sm-6  last_col\"><div data-field-wrapper=\"fld_344047\" class=\"form-group\" id=\"fld_344047_1-wrap\">\r\n\t<label id=\"fld_344047Label\" for=\"fld_344047_1\" class=\"control-label\">Parcelle de terrain en m\u00b2<\/label>\r\n\t<div class=\"\">\r\n\t\t<input    type=\"text\" data-field=\"fld_344047\" class=\" form-control\" id=\"fld_344047_1\" name=\"fld_344047\" value=\"\" data-type=\"text\"   aria-labelledby=\"fld_344047Label\" >\t\t\t<\/div>\r\n<\/div>\r\n<\/div><\/div><div id=\"CF60ded5ab3add1_1-row-3\"  class=\"row \"><div  class=\"col-sm-4  first_col\"><div data-field-wrapper=\"fld_2137221\" class=\"form-group\" id=\"fld_2137221_1-wrap\">\r\n\t<label id=\"fld_2137221Label\" for=\"fld_2137221_1\" class=\"control-label\">Chambre<\/label>\r\n\t<div class=\"\">\r\n\t\t<input    type=\"text\" data-field=\"fld_2137221\" class=\" form-control\" id=\"fld_2137221_1\" name=\"fld_2137221\" value=\"\" data-type=\"text\"   aria-labelledby=\"fld_2137221Label\" >\t\t\t<\/div>\r\n<\/div>\r\n<\/div><div  class=\"col-sm-4 \"><div data-field-wrapper=\"fld_1193474\" class=\"form-group\" id=\"fld_1193474_1-wrap\">\r\n\t<label id=\"fld_1193474Label\" for=\"fld_1193474_1\" class=\"control-label\">Ann\u00e9e de construction<\/label>\r\n\t<div class=\"\">\r\n\t\t<input    type=\"text\" data-field=\"fld_1193474\" class=\" form-control\" id=\"fld_1193474_1\" name=\"fld_1193474\" value=\"\" data-type=\"text\"   aria-labelledby=\"fld_1193474Label\" >\t\t\t<\/div>\r\n<\/div>\r\n<\/div><div  class=\"col-sm-4  last_col\"><div data-field-wrapper=\"fld_4925114\" class=\"form-group\" id=\"fld_4925114_1-wrap\">\r\n\t<label id=\"fld_4925114Label\" for=\"fld_4925114_1\" class=\"control-label\">Budget en Euro<\/label>\r\n\t<div class=\"\">\r\n\t\t<input    type=\"text\" data-field=\"fld_4925114\" class=\" form-control\" id=\"fld_4925114_1\" name=\"fld_4925114\" value=\"\" data-type=\"text\"   aria-labelledby=\"fld_4925114Label\" >\t\t\t<\/div>\r\n<\/div>\r\n<\/div><\/div><div id=\"CF60ded5ab3add1_1-row-4\"  class=\"row \"><div  class=\"col-sm-12  first_col\"><div data-field-wrapper=\"fld_9731509\" class=\"form-group\" id=\"fld_9731509_1-wrap\">\r\n<div class=\"\">\r\n\t<input  class=\"btn btn-default cf-page-btn cf-page-btn-next\" type=\"button\" name=\"fld_9731509\" id=\"fld_9731509_1\" value=\"Suivant\" data-field=\"fld_9731509\" data-page=\"next\"  >\n<\/div>\r\n<\/div>\r\n\t<input class=\"button_trigger_1\" type=\"hidden\" name=\"fld_9731509\" id=\"fld_9731509_1_btn\" value=\"\" data-field=\"fld_9731509\"  \/>\n<\/div><\/div><\/div><div id=\"form_page_1_pg_2\" data-formpage=\"2\" role=\"region\" aria-labelledby=\"breadcrumb_1_pg_2\" aria-hidden=\"true\" class=\"caldera-form-page\" style=\"display:none;\"><div id=\"CF60ded5ab3add1_1-row-5\"  class=\"row \"><div  class=\"col-sm-12  single\"><div class=\"\"><h3>Location<\/h3>\n<\/div><\/div><\/div><div id=\"CF60ded5ab3add1_1-row-6\"  class=\"row \"><div  class=\"col-sm-6  first_col\"><div data-field-wrapper=\"fld_360923\" class=\"form-group\" id=\"fld_360923_1-wrap\">\r\n\t<label id=\"fld_360923Label\" for=\"fld_360923_1\" class=\"control-label\">Code postal <span aria-hidden=\"true\" role=\"presentation\" class=\"field_required\" style=\"color:#ee0000;\">*<\/span><\/label>\r\n\t<div class=\"\">\r\n\t\t<input   required type=\"text\" data-field=\"fld_360923\" class=\" form-control\" id=\"fld_360923_1\" name=\"fld_360923\" value=\"\" data-type=\"text\" aria-required=\"true\"   aria-labelledby=\"fld_360923Label\" >\t\t\t<\/div>\r\n<\/div>\r\n<\/div><div  class=\"col-sm-6  last_col\"><div data-field-wrapper=\"fld_3005345\" class=\"form-group\" id=\"fld_3005345_1-wrap\">\r\n\t<label id=\"fld_3005345Label\" for=\"fld_3005345_1\" class=\"control-label\">Lieu <span aria-hidden=\"true\" role=\"presentation\" class=\"field_required\" style=\"color:#ee0000;\">*<\/span><\/label>\r\n\t<div class=\"\">\r\n\t\t<input   required type=\"text\" data-field=\"fld_3005345\" class=\" form-control\" id=\"fld_3005345_1\" name=\"fld_3005345\" value=\"\" data-type=\"text\" aria-required=\"true\"   aria-labelledby=\"fld_3005345Label\" >\t\t\t<\/div>\r\n<\/div>\r\n<\/div><\/div><div id=\"CF60ded5ab3add1_1-row-7\"  class=\"row \"><div  class=\"col-sm-12  single\"><div class=\"\"><h3>Comment pouvons-nous vous joindre ?<\/h3>\n<\/div><\/div><\/div><div id=\"CF60ded5ab3add1_1-row-8\"  class=\"row \"><div  class=\"col-sm-6  first_col\"><div data-field-wrapper=\"fld_9991270\" class=\"form-group\" id=\"fld_9991270_1-wrap\">\r\n\t<label id=\"fld_9991270Label\" for=\"fld_9991270_1\" class=\"control-label\">Nom <span aria-hidden=\"true\" role=\"presentation\" class=\"field_required\" style=\"color:#ee0000;\">*<\/span><\/label>\r\n\t<div class=\"\">\r\n\t\t<input   required type=\"text\" data-field=\"fld_9991270\" class=\" form-control\" id=\"fld_9991270_1\" name=\"fld_9991270\" value=\"\" data-type=\"text\" aria-required=\"true\"   aria-labelledby=\"fld_9991270Label\" >\t\t\t<\/div>\r\n<\/div>\r\n<div data-field-wrapper=\"fld_7851220\" class=\"form-group\" id=\"fld_7851220_1-wrap\">\r\n\t<label id=\"fld_7851220Label\" for=\"fld_7851220_1\" class=\"control-label\">Adresse \u00e9lectronique<\/label>\r\n\t<div class=\"\">\r\n\t\t<input    type=\"email\" data-field=\"fld_7851220\" class=\" form-control\" id=\"fld_7851220_1\" name=\"fld_7851220\" value=\"\" data-type=\"email\"   aria-labelledby=\"fld_7851220Label\" >\t\t\t<\/div>\r\n<\/div>\r\n<\/div><div  class=\"col-sm-6  last_col\"><div data-field-wrapper=\"fld_5737834\" class=\"form-group\" id=\"fld_5737834_1-wrap\">\r\n\t<label id=\"fld_5737834Label\" for=\"fld_5737834_1\" class=\"control-label\">Pr\u00e9nom <span aria-hidden=\"true\" role=\"presentation\" class=\"field_required\" style=\"color:#ee0000;\">*<\/span><\/label>\r\n\t<div class=\"\">\r\n\t\t<input   required type=\"text\" data-field=\"fld_5737834\" class=\" form-control\" id=\"fld_5737834_1\" name=\"fld_5737834\" value=\"\" data-type=\"text\" aria-required=\"true\"   aria-labelledby=\"fld_5737834Label\" >\t\t\t<\/div>\r\n<\/div>\r\n<div data-field-wrapper=\"fld_4381481\" class=\"form-group\" id=\"fld_4381481_1-wrap\">\r\n\t<label id=\"fld_4381481Label\" for=\"fld_4381481_1\" class=\"control-label\">Num\u00e9ro de t\u00e9l\u00e9phone<\/label>\r\n\t<div class=\"\">\r\n\t\t<input    type=\"text\" data-field=\"fld_4381481\" class=\" form-control\" id=\"fld_4381481_1\" name=\"fld_4381481\" value=\"\" data-type=\"text\"   aria-labelledby=\"fld_4381481Label\" >\t\t\t<\/div>\r\n<\/div>\r\n<\/div><\/div><div id=\"CF60ded5ab3add1_1-row-9\"  class=\"row \"><div  class=\"col-sm-12  single\"><div data-field-wrapper=\"fld_4818127\" class=\"form-group\" id=\"fld_4818127_1-wrap\">\r\n\t<label id=\"fld_4818127Label\" for=\"fld_4818127_1\" class=\"control-label\">Le message<\/label>\r\n\t<div class=\"\">\r\n\t\t<textarea name=\"fld_4818127\" value=\"\" data-field=\"fld_4818127\" class=\"form-control\" id=\"fld_4818127_1\" rows=\"4\"    aria-labelledby=\"fld_4818127Label\" ><\/textarea>\n\t\t\t<\/div>\r\n<\/div>\r\n<\/div><\/div><div id=\"CF60ded5ab3add1_1-row-10\"  class=\"row  last_row\"><div  class=\"col-sm-12  first_col\"><div data-field-wrapper=\"fld_3622181\" class=\"form-group\" id=\"fld_3622181_1-wrap\">\r\n\t<label id=\"fld_3622181Label\" for=\"fld_3622181_1\" class=\"control-label screen-reader-text sr-only\">Datenschutz<\/label>\r\n\t<div class=\"\">\r\n\t\t\t\t\t\t\t\t\t\t\t<div class=\"checkbox\">\n\t\t\t\t\n                <label                         for=\"fld_3622181_1_opt1745890\"\n                >\n                            <input\n                                data-parsley-required=\"true\" data-parsley-group=\"fld_3622181_1\" data-parsley-multiple=\"fld_3622181_1\"                                type=\"checkbox\"\n                                data-label=\"J\u2019ai lu et accept\u00e9 &lt;a href=&quot;\/datenschutz&quot; rel=&quot;nofollow&quot;&gt;la politique de confidentialit\u00e9&lt;\/a&gt; \"\n                                data-field=\"fld_3622181\"\n                                id=\"fld_3622181_1_opt1745890\"\n                                class=\"fld_3622181_1 option-required\"\n                                name=\"fld_3622181[opt1745890]\"\n                                value=\"J\u2019ai lu et accept\u00e9 &lt;a href=&quot;\/datenschutz&quot; rel=&quot;nofollow&quot;&gt;la politique de confidentialit\u00e9&lt;\/a&gt; \"\n                                                                data-type=\"checkbox\"\n                                data-checkbox-field=\"fld_3622181_1\"\n                                                                data-calc-value=\"I have read and accepted the &lt;a href=&quot;\/datenschutz&quot; rel=&quot;nofollow&quot;&gt;data protection declaration&lt;\/a&gt;  \"\n                            >\n                    J\u2019ai lu et accept\u00e9 <a href=\"\/datenschutz\" rel=\"nofollow\">la politique de confidentialit\u00e9<\/a>                 <\/label>\n\n                \t\t\t\t\t<\/div>\n\t\t\t\t\t\t\t\t\t\t\t<\/div>\r\n<\/div>\r\n<div data-field-wrapper=\"fld_2924120\" class=\"form-group\" id=\"fld_2924120_1-wrap\">\r\n<div class=\"\">\r\n\t<input  class=\"btn btn-default\" type=\"submit\" name=\"fld_2924120\" id=\"fld_2924120_1\" value=\"ENVOYER\" data-field=\"fld_2924120\"  >\n<\/div>\r\n<\/div>\r\n\t<input class=\"button_trigger_1\" type=\"hidden\" name=\"fld_2924120\" id=\"fld_2924120_1_btn\" value=\"\" data-field=\"fld_2924120\"  \/>\n<\/div><\/div><\/div><\/form>\r\n<\/div>\r\n            <\/div>\n            \t\t\t\t<\/div>\n\t\t\t\t<\/div>\n\t\t\t\t\t<\/div>\n\t\t<\/div>\n\t\t\t\t\t<\/div>\n\t\t<\/section>\n\t\t\t\t<\/div>\n\t\t","protected":false},"excerpt":{"rendered":"<p>Souhaitez-vous acheter une maison, un appartement en pleine propri\u00e9t\u00e9, un terrain ou une propri\u00e9t\u00e9 commerciale ? Alors vous \u00eates au bon endroit chez nous ! Si vous souhaitez acheter une maison, un appartement en pleine propri\u00e9t\u00e9, un terrain ou une propri\u00e9t\u00e9 commerciale qui vous convient, veuillez remplir le formulaire de demande suivant de la mani\u00e8re [&hellip;]<\/p>\n","protected":false},"author":1,"featured_media":0,"parent":22,"menu_order":0,"comment_status":"closed","ping_status":"closed","template":"","meta":{"footnotes":""},"class_list":["post-26","page","type-page","status-publish","hentry"],"_links":{"self":[{"href":"https:\/\/simonyan-immobilien.de\/fr\/wp-json\/wp\/v2\/pages\/26","targetHints":{"allow":["GET"]}}],"collection":[{"href":"https:\/\/simonyan-immobilien.de\/fr\/wp-json\/wp\/v2\/pages"}],"about":[{"href":"https:\/\/simonyan-immobilien.de\/fr\/wp-json\/wp\/v2\/types\/page"}],"author":[{"embeddable":true,"href":"https:\/\/simonyan-immobilien.de\/fr\/wp-json\/wp\/v2\/users\/1"}],"replies":[{"embeddable":true,"href":"https:\/\/simonyan-immobilien.de\/fr\/wp-json\/wp\/v2\/comments?post=26"}],"version-history":[{"count":10,"href":"https:\/\/simonyan-immobilien.de\/fr\/wp-json\/wp\/v2\/pages\/26\/revisions"}],"predecessor-version":[{"id":1335,"href":"https:\/\/simonyan-immobilien.de\/fr\/wp-json\/wp\/v2\/pages\/26\/revisions\/1335"}],"up":[{"embeddable":true,"href":"https:\/\/simonyan-immobilien.de\/fr\/wp-json\/wp\/v2\/pages\/22"}],"wp:attachment":[{"href":"https:\/\/simonyan-immobilien.de\/fr\/wp-json\/wp\/v2\/media?parent=26"}],"curies":[{"name":"wp","href":"https:\/\/api.w.org\/{rel}","templated":true}]}}