{"id":17,"date":"2021-06-19T17:02:12","date_gmt":"2021-06-19T15:02:12","guid":{"rendered":"http:\/\/neu.simonyan-immobilien.de\/fr\/?page_id=17"},"modified":"2021-09-12T23:48:02","modified_gmt":"2021-09-12T21:48:02","slug":"unternehmen","status":"publish","type":"page","link":"https:\/\/simonyan-immobilien.de\/fr\/unternehmen\/","title":{"rendered":"SOCI\u00c9T\u00c9"},"content":{"rendered":"\t\t<div data-elementor-type=\"wp-page\" data-elementor-id=\"17\" class=\"elementor elementor-17\">\n\t\t\t\t\t\t<section class=\"has_eae_slider elementor-section elementor-top-section elementor-element elementor-element-77fc845f elementor-section-full_width elementor-section-height-default elementor-section-height-default\" data-eae-slider=\"83267\" data-id=\"77fc845f\" data-element_type=\"section\" data-e-type=\"section\" data-settings=\"{&quot;background_background&quot;:&quot;classic&quot;}\">\n\t\t\t\t\t\t<div class=\"elementor-container elementor-column-gap-default\">\n\t\t\t\t\t<div class=\"has_eae_slider elementor-column elementor-col-50 elementor-top-column elementor-element elementor-element-2bbc6b7b\" data-eae-slider=\"10589\" data-id=\"2bbc6b7b\" data-element_type=\"column\" data-e-type=\"column\">\n\t\t\t<div class=\"elementor-widget-wrap elementor-element-populated\">\n\t\t\t\t\t\t<div class=\"elementor-element elementor-element-5bce0c6e elementor-widget elementor-widget-text-editor\" data-id=\"5bce0c6e\" data-element_type=\"widget\" data-e-type=\"widget\" data-widget_type=\"text-editor.default\">\n\t\t\t\t<div class=\"elementor-widget-container\">\n\t\t\t\t\t\t\t\t\t<h1 class=\"LC20lb DKV0Md\"><strong>SIMONYAN IMMOBILIER &amp; INVESTMENT<br \/><\/strong><\/h1>\t\t\t\t\t\t\t\t<\/div>\n\t\t\t\t<\/div>\n\t\t\t\t\t<\/div>\n\t\t<\/div>\n\t\t\t\t<div class=\"has_eae_slider elementor-column elementor-col-50 elementor-top-column elementor-element elementor-element-1acde925\" data-eae-slider=\"93150\" data-id=\"1acde925\" data-element_type=\"column\" data-e-type=\"column\" data-settings=\"{&quot;background_background&quot;:&quot;classic&quot;}\">\n\t\t\t<div class=\"elementor-widget-wrap elementor-element-populated\">\n\t\t\t\t\t\t<div class=\"elementor-element elementor-element-91c273f elementor-widget elementor-widget-spacer\" data-id=\"91c273f\" data-element_type=\"widget\" data-e-type=\"widget\" data-widget_type=\"spacer.default\">\n\t\t\t\t<div class=\"elementor-widget-container\">\n\t\t\t\t\t\t\t<div class=\"elementor-spacer\">\n\t\t\t<div class=\"elementor-spacer-inner\"><\/div>\n\t\t<\/div>\n\t\t\t\t\t\t<\/div>\n\t\t\t\t<\/div>\n\t\t\t\t\t<\/div>\n\t\t<\/div>\n\t\t\t\t\t<\/div>\n\t\t<\/section>\n\t\t\t\t<section class=\"has_eae_slider elementor-section elementor-top-section elementor-element elementor-element-fe9c225 elementor-section-boxed elementor-section-height-default elementor-section-height-default\" data-eae-slider=\"11457\" data-id=\"fe9c225\" data-element_type=\"section\" data-e-type=\"section\">\n\t\t\t\t\t\t<div class=\"elementor-container elementor-column-gap-default\">\n\t\t\t\t\t<div class=\"has_eae_slider elementor-column elementor-col-100 elementor-top-column elementor-element elementor-element-aa843c6\" data-eae-slider=\"50904\" data-id=\"aa843c6\" data-element_type=\"column\" data-e-type=\"column\">\n\t\t\t<div class=\"elementor-widget-wrap elementor-element-populated\">\n\t\t\t\t\t\t<div class=\"elementor-element elementor-element-e9fd2a3 elementor-widget elementor-widget-text-editor\" data-id=\"e9fd2a3\" data-element_type=\"widget\" data-e-type=\"widget\" data-widget_type=\"text-editor.default\">\n\t\t\t\t<div class=\"elementor-widget-container\">\n\t\t\t\t\t\t\t\t\t<h3><span style=\"color: #b01613;\">Nos buts<\/span><\/h3><p><span style=\"color: #000000;\">La soci\u00e9t\u00e9 de courtage <strong>Simonyan Immobilien &amp; Investment<\/strong> est membre du groupe de soci\u00e9t\u00e9s SIMONYAN. Nous travaillons avec nos clients allemands, europ\u00e9ens et \u00e9trangers, en n\u00e9gociant des biens immobiliers \u00e0 des fins commerciales et r\u00e9sidentielles, tels que des logements en copropri\u00e9t\u00e9, des maisons, des parcelles de terrain et des propri\u00e9t\u00e9s commerciales.<br \/><\/span><\/p><p><span style=\"color: #000000;\">Par principe, nous nous organisons et travaillons de mani\u00e8re \u00e0 permettre un \u00e9change d\u2019informations \u00e0 100% entre le vendeur et l\u2019acheteur. Il est donc tr\u00e8s important pour nous d\u2019enregistrer correctement toutes les informations techniques sur la propri\u00e9t\u00e9 d\u00e8s le d\u00e9but avec le vendeur, de recevoir les documents et de concevoir et v\u00e9rifier l\u2019expos\u00e9 avec le vendeur. Ce n\u2019est qu\u2019ensuite que nous commen\u00e7ons \u00e0 approcher les acheteurs potentiels et \u00e0 leur fournir ces informations. Notre objectif est de travailler \u00e0 l\u2019enti\u00e8re satisfaction de nos clients. Notre \u00e9quipe est tr\u00e8s flexible et professionnelle. Vous pouvez prendre rendez-vous avec nous dans un court d\u00e9lai.<\/span><\/p><p><span style=\"color: #333333;\">\u00a0<\/span><\/p>\t\t\t\t\t\t\t\t<\/div>\n\t\t\t\t<\/div>\n\t\t\t\t\t<\/div>\n\t\t<\/div>\n\t\t\t\t\t<\/div>\n\t\t<\/section>\n\t\t\t\t<section class=\"has_eae_slider elementor-section elementor-top-section elementor-element elementor-element-f96e247 elementor-section-boxed elementor-section-height-default elementor-section-height-default elementor-invisible\" data-eae-slider=\"20363\" data-id=\"f96e247\" data-element_type=\"section\" data-e-type=\"section\" data-settings=\"{&quot;background_background&quot;:&quot;classic&quot;,&quot;animation&quot;:&quot;fadeInUp&quot;}\">\n\t\t\t\t\t\t<div class=\"elementor-container elementor-column-gap-default\">\n\t\t\t\t\t<div class=\"has_eae_slider elementor-column elementor-col-50 elementor-top-column elementor-element elementor-element-5c7b3c5\" data-eae-slider=\"1586\" data-id=\"5c7b3c5\" data-element_type=\"column\" data-e-type=\"column\" data-settings=\"{&quot;background_background&quot;:&quot;classic&quot;}\">\n\t\t\t<div class=\"elementor-widget-wrap elementor-element-populated\">\n\t\t\t\t\t\t<div class=\"elementor-element elementor-element-cb98f43 elementor-widget elementor-widget-text-editor\" data-id=\"cb98f43\" data-element_type=\"widget\" data-e-type=\"widget\" data-widget_type=\"text-editor.default\">\n\t\t\t\t<div class=\"elementor-widget-container\">\n\t\t\t\t\t\t\t\t\t<h2 style=\"text-align: left;\"><span style=\"color: #ffffff;\">LA PHILOSOPHIE<\/span><\/h2>\t\t\t\t\t\t\t\t<\/div>\n\t\t\t\t<\/div>\n\t\t\t\t<div class=\"elementor-element elementor-element-d08cfab elementor-widget elementor-widget-text-editor\" data-id=\"d08cfab\" data-element_type=\"widget\" data-e-type=\"widget\" data-widget_type=\"text-editor.default\">\n\t\t\t\t<div class=\"elementor-widget-container\">\n\t\t\t\t\t\t\t\t\t<p><span style=\"color: #ffffff;\">Des partenariats sains constituent Des partenariats&nbsp;&nbsp;&nbsp;&nbsp;&nbsp;&nbsp;&nbsp;&nbsp;&nbsp;&nbsp;&nbsp;&nbsp; sains constituent l\u2019\u00e9pine dorsale de toute entreprise. <br><\/span><\/p>\n<p><span style=\"color: #ffffff;\">Nous cultivons des relations d\u2019affaires avec le vendeur&nbsp;&nbsp;&nbsp;&nbsp;&nbsp;&nbsp;&nbsp; tout comme nous le faisons avec nos acheteurs.<\/span><\/p>\n<p><span style=\"color: #ffffff;\">Nous en b\u00e9n\u00e9ficions tous:<\/span><\/p>\n<p><span style=\"color: #ffffff;\">Le vendeur dispose d\u2019un partenaire engag\u00e9 et&nbsp;&nbsp;&nbsp;&nbsp;&nbsp;&nbsp;&nbsp;&nbsp;&nbsp;&nbsp;&nbsp;&nbsp; comp\u00e9tent chez le client pour n\u00e9gocier son bien.<\/span><\/p>\n<p><strong><span style=\"color: #ffffff;\">Votre choix \u2013 notre travail !<\/span><\/strong><\/p>\t\t\t\t\t\t\t\t<\/div>\n\t\t\t\t<\/div>\n\t\t\t\t\t<\/div>\n\t\t<\/div>\n\t\t\t\t<div class=\"has_eae_slider elementor-column elementor-col-50 elementor-top-column elementor-element elementor-element-4c8df60\" data-eae-slider=\"72639\" data-id=\"4c8df60\" data-element_type=\"column\" data-e-type=\"column\" data-settings=\"{&quot;background_background&quot;:&quot;classic&quot;}\">\n\t\t\t<div class=\"elementor-widget-wrap elementor-element-populated\">\n\t\t\t\t\t\t<div class=\"elementor-element elementor-element-1298e06 elementor-widget elementor-widget-image\" data-id=\"1298e06\" data-element_type=\"widget\" data-e-type=\"widget\" data-widget_type=\"image.default\">\n\t\t\t\t<div class=\"elementor-widget-container\">\n\t\t\t\t\t\t\t\t\t\t\t\t\t\t\t<img fetchpriority=\"high\" decoding=\"async\" width=\"2560\" height=\"1696\" src=\"https:\/\/simonyan-immobilien.de\/fr\/wp-content\/uploads\/sites\/54\/2021\/07\/welcome-double-exposure-of-business-man-partner-handshake-scaled.jpg\" class=\"attachment-full size-full wp-image-503\" alt=\"\" srcset=\"https:\/\/simonyan-immobilien.de\/fr\/wp-content\/uploads\/sites\/54\/2021\/07\/welcome-double-exposure-of-business-man-partner-handshake-scaled.jpg 2560w, https:\/\/simonyan-immobilien.de\/fr\/wp-content\/uploads\/sites\/54\/2021\/07\/welcome-double-exposure-of-business-man-partner-handshake-scaled-600x398.jpg 600w, https:\/\/simonyan-immobilien.de\/fr\/wp-content\/uploads\/sites\/54\/2021\/07\/welcome-double-exposure-of-business-man-partner-handshake-300x199.jpg 300w, https:\/\/simonyan-immobilien.de\/fr\/wp-content\/uploads\/sites\/54\/2021\/07\/welcome-double-exposure-of-business-man-partner-handshake-1024x678.jpg 1024w, https:\/\/simonyan-immobilien.de\/fr\/wp-content\/uploads\/sites\/54\/2021\/07\/welcome-double-exposure-of-business-man-partner-handshake-768x509.jpg 768w, https:\/\/simonyan-immobilien.de\/fr\/wp-content\/uploads\/sites\/54\/2021\/07\/welcome-double-exposure-of-business-man-partner-handshake-1536x1017.jpg 1536w, https:\/\/simonyan-immobilien.de\/fr\/wp-content\/uploads\/sites\/54\/2021\/07\/welcome-double-exposure-of-business-man-partner-handshake-2048x1356.jpg 2048w, https:\/\/simonyan-immobilien.de\/fr\/wp-content\/uploads\/sites\/54\/2021\/07\/welcome-double-exposure-of-business-man-partner-handshake-24x16.jpg 24w, https:\/\/simonyan-immobilien.de\/fr\/wp-content\/uploads\/sites\/54\/2021\/07\/welcome-double-exposure-of-business-man-partner-handshake-36x24.jpg 36w, https:\/\/simonyan-immobilien.de\/fr\/wp-content\/uploads\/sites\/54\/2021\/07\/welcome-double-exposure-of-business-man-partner-handshake-48x32.jpg 48w\" sizes=\"(max-width: 2560px) 100vw, 2560px\" \/>\t\t\t\t\t\t\t\t\t\t\t\t\t\t\t<\/div>\n\t\t\t\t<\/div>\n\t\t\t\t\t<\/div>\n\t\t<\/div>\n\t\t\t\t\t<\/div>\n\t\t<\/section>\n\t\t\t\t<\/div>\n\t\t","protected":false},"excerpt":{"rendered":"<p>SIMONYAN IMMOBILIER &amp; INVESTMENT Nos buts La soci\u00e9t\u00e9 de courtage Simonyan Immobilien &amp; Investment est membre du groupe de soci\u00e9t\u00e9s SIMONYAN. Nous travaillons avec nos clients allemands, europ\u00e9ens et \u00e9trangers, en n\u00e9gociant des biens immobiliers \u00e0 des fins commerciales et r\u00e9sidentielles, tels que des logements en copropri\u00e9t\u00e9, des maisons, des parcelles de terrain et des [&hellip;]<\/p>\n","protected":false},"author":1,"featured_media":0,"parent":0,"menu_order":0,"comment_status":"closed","ping_status":"closed","template":"","meta":{"footnotes":""},"class_list":["post-17","page","type-page","status-publish","hentry"],"_links":{"self":[{"href":"https:\/\/simonyan-immobilien.de\/fr\/wp-json\/wp\/v2\/pages\/17","targetHints":{"allow":["GET"]}}],"collection":[{"href":"https:\/\/simonyan-immobilien.de\/fr\/wp-json\/wp\/v2\/pages"}],"about":[{"href":"https:\/\/simonyan-immobilien.de\/fr\/wp-json\/wp\/v2\/types\/page"}],"author":[{"embeddable":true,"href":"https:\/\/simonyan-immobilien.de\/fr\/wp-json\/wp\/v2\/users\/1"}],"replies":[{"embeddable":true,"href":"https:\/\/simonyan-immobilien.de\/fr\/wp-json\/wp\/v2\/comments?post=17"}],"version-history":[{"count":10,"href":"https:\/\/simonyan-immobilien.de\/fr\/wp-json\/wp\/v2\/pages\/17\/revisions"}],"predecessor-version":[{"id":1390,"href":"https:\/\/simonyan-immobilien.de\/fr\/wp-json\/wp\/v2\/pages\/17\/revisions\/1390"}],"wp:attachment":[{"href":"https:\/\/simonyan-immobilien.de\/fr\/wp-json\/wp\/v2\/media?parent=17"}],"curies":[{"name":"wp","href":"https:\/\/api.w.org\/{rel}","templated":true}]}}