{"id":555,"date":"2021-07-12T21:27:42","date_gmt":"2021-07-12T19:27:42","guid":{"rendered":"http:\/\/neu.simonyan-immobilien.de\/es\/?page_id=555"},"modified":"2022-01-28T01:09:07","modified_gmt":"2022-01-28T00:09:07","slug":"financing","status":"publish","type":"page","link":"https:\/\/simonyan-immobilien.de\/es\/financing\/","title":{"rendered":"FINANCING"},"content":{"rendered":"\t\t<div data-elementor-type=\"wp-page\" data-elementor-id=\"555\" class=\"elementor elementor-555\">\n\t\t\t\t\t\t<section class=\"has_eae_slider elementor-section elementor-top-section elementor-element elementor-element-77fc845f elementor-section-full_width elementor-section-height-default elementor-section-height-default\" data-eae-slider=\"44539\" data-id=\"77fc845f\" data-element_type=\"section\" data-e-type=\"section\" data-settings=\"{&quot;background_background&quot;:&quot;classic&quot;}\">\n\t\t\t\t\t\t<div class=\"elementor-container elementor-column-gap-default\">\n\t\t\t\t\t<div class=\"has_eae_slider elementor-column elementor-col-50 elementor-top-column elementor-element elementor-element-2bbc6b7b\" data-eae-slider=\"37063\" data-id=\"2bbc6b7b\" data-element_type=\"column\" data-e-type=\"column\">\n\t\t\t<div class=\"elementor-widget-wrap elementor-element-populated\">\n\t\t\t\t\t\t<div class=\"elementor-element elementor-element-5bce0c6e elementor-widget elementor-widget-text-editor\" data-id=\"5bce0c6e\" data-element_type=\"widget\" data-e-type=\"widget\" data-widget_type=\"text-editor.default\">\n\t\t\t\t<div class=\"elementor-widget-container\">\n\t\t\t\t\t\t\t\t\t<h1 class=\"LC20lb DKV0Md\"><strong>FINANCIACI\u00d3N INMOBILIARIA<br \/><\/strong><\/h1>\t\t\t\t\t\t\t\t<\/div>\n\t\t\t\t<\/div>\n\t\t\t\t\t<\/div>\n\t\t<\/div>\n\t\t\t\t<div class=\"has_eae_slider elementor-column elementor-col-50 elementor-top-column elementor-element elementor-element-1acde925\" data-eae-slider=\"67023\" data-id=\"1acde925\" data-element_type=\"column\" data-e-type=\"column\" data-settings=\"{&quot;background_background&quot;:&quot;classic&quot;}\">\n\t\t\t<div class=\"elementor-widget-wrap elementor-element-populated\">\n\t\t\t\t\t\t<div class=\"elementor-element elementor-element-91c273f elementor-widget elementor-widget-spacer\" data-id=\"91c273f\" data-element_type=\"widget\" data-e-type=\"widget\" data-widget_type=\"spacer.default\">\n\t\t\t\t<div class=\"elementor-widget-container\">\n\t\t\t\t\t\t\t<div class=\"elementor-spacer\">\n\t\t\t<div class=\"elementor-spacer-inner\"><\/div>\n\t\t<\/div>\n\t\t\t\t\t\t<\/div>\n\t\t\t\t<\/div>\n\t\t\t\t\t<\/div>\n\t\t<\/div>\n\t\t\t\t\t<\/div>\n\t\t<\/section>\n\t\t\t\t<section class=\"has_eae_slider elementor-section elementor-top-section elementor-element elementor-element-32e5f545 elementor-section-boxed elementor-section-height-default elementor-section-height-default\" data-eae-slider=\"92824\" data-id=\"32e5f545\" data-element_type=\"section\" data-e-type=\"section\">\n\t\t\t\t\t\t<div class=\"elementor-container elementor-column-gap-default\">\n\t\t\t\t\t<div class=\"has_eae_slider elementor-column elementor-col-100 elementor-top-column elementor-element elementor-element-48e2a4ad\" data-eae-slider=\"61157\" data-id=\"48e2a4ad\" data-element_type=\"column\" data-e-type=\"column\">\n\t\t\t<div class=\"elementor-widget-wrap elementor-element-populated\">\n\t\t\t\t\t\t<div class=\"elementor-element elementor-element-23db5dd9 elementor-widget elementor-widget-text-editor\" data-id=\"23db5dd9\" data-element_type=\"widget\" data-e-type=\"widget\" data-widget_type=\"text-editor.default\">\n\t\t\t\t<div class=\"elementor-widget-container\">\n\t\t\t\t\t\t\t\t\t<p><span style=\"color: #000000;\">Junto con un socio profesional y experimentado, tambi\u00e9n ofrecemos nuestros servicios en el \u00e1mbito de la &#8222;financiaci\u00f3n inmobiliaria&#8220;.<\/span><\/p><p><span style=\"color: #000000;\">Un buen asesoramiento, y sobre todo independiente, es esencial para la financiaci\u00f3n inmobiliaria, ya que la compra de un inmueble es a menudo una inversi\u00f3n a largo plazo en su propio futuro y en el de su familia.<\/span><\/p><p><span style=\"color: #000000;\">Por lo tanto, requiere el mejor planteamiento posible y la fijaci\u00f3n de objetivos adaptados individualmente a su situaci\u00f3n personal.<\/span><\/p><p><span style=\"color: #000000;\">Juntos planificamos su estructura de financiaci\u00f3n \u00f3ptima y personal y encontramos el socio bancario m\u00e1s adecuado y favorable. Y esto es independiente de si quiere cumplir su sue\u00f1o de una casa propia, si quiere comprar una propiedad para alquilarla (propiedad de renta) o si necesita una financiaci\u00f3n de seguimiento \/ pr\u00e9stamos a plazo o un pr\u00e9stamo de modernizaci\u00f3n.<\/span><\/p><p><span style=\"color: #000000;\">Por supuesto, tambi\u00e9n le asesoramos en este sentido para saber de antemano cu\u00e1nto &#8222;inmueble\/propiedad&#8220; puede permitirse, de modo que pueda dirigirse a nosotros y comenzar la b\u00fasqueda de una propiedad adecuada con tranquilidad.<\/span><\/p><p><span style=\"color: #000000;\">Con nuestros a\u00f1os de experiencia y conocimientos, le acompa\u00f1amos en todo momento y nos encargamos de la tramitaci\u00f3n completa de su financiaci\u00f3n inmobiliaria hasta el desembolso y, por supuesto, m\u00e1s all\u00e1 de eso.<\/span><\/p>\t\t\t\t\t\t\t\t<\/div>\n\t\t\t\t<\/div>\n\t\t\t\t\t<\/div>\n\t\t<\/div>\n\t\t\t\t\t<\/div>\n\t\t<\/section>\n\t\t\t\t<section class=\"has_eae_slider elementor-section elementor-top-section elementor-element elementor-element-fe9c225 elementor-section-boxed elementor-section-height-default elementor-section-height-default\" data-eae-slider=\"45824\" data-id=\"fe9c225\" data-element_type=\"section\" data-e-type=\"section\" data-settings=\"{&quot;background_background&quot;:&quot;classic&quot;}\">\n\t\t\t\t\t\t<div class=\"elementor-container elementor-column-gap-default\">\n\t\t\t\t\t<div class=\"has_eae_slider elementor-column elementor-col-100 elementor-top-column elementor-element elementor-element-ae4dbd7\" data-eae-slider=\"53647\" data-id=\"ae4dbd7\" data-element_type=\"column\" data-e-type=\"column\">\n\t\t\t<div class=\"elementor-widget-wrap elementor-element-populated\">\n\t\t\t\t\t\t<div class=\"elementor-element elementor-element-8eca99c elementor-widget elementor-widget-text-editor\" data-id=\"8eca99c\" data-element_type=\"widget\" data-e-type=\"widget\" data-widget_type=\"text-editor.default\">\n\t\t\t\t<div class=\"elementor-widget-container\">\n\t\t\t\t\t\t\t\t\t<ul><li><span style=\"color: #000000;\">Gracias a nuestra dilatada experiencia en el sector inmobiliario, nuestra empresa goza de la confianza de conocidos bancos\u2024 Nos complace trasladar las excepcionales condiciones a nuestros clientes:<\/span><\/li><li><span style=\"color: #000000;\">Le ofrecemos la posibilidad de elegir libremente entre un gran n\u00famero de bancos y cajas de ahorro regionales y nacionales y de comparar las ofertas de financiaci\u00f3n.<\/span><\/li><li><span style=\"color: #000000;\">Le ofrecemos financiaci\u00f3n inmobiliaria incluso sin fondos propios<\/span><\/li><li><span style=\"color: #000000;\">Comprobamos por usted las subvenciones y ayudas estatales<\/span><\/li><li><span style=\"color: #000000;\">Le asesoramos independientemente de los productos y los bancos y trabajamos con usted para dise\u00f1ar el camino hacia la propiedad de sus sue\u00f1os<\/span><\/li><li><span style=\"color: #000000;\">Le informamos sobre los tipos de inter\u00e9s y le damos valiosos consejos sobre la financiaci\u00f3n inmobiliaria<\/span><\/li><li><span style=\"color: #000000;\">Encontramos la mejor soluci\u00f3n para su financiaci\u00f3n inmobiliaria<\/span><\/li><\/ul>\t\t\t\t\t\t\t\t<\/div>\n\t\t\t\t<\/div>\n\t\t\t\t\t<\/div>\n\t\t<\/div>\n\t\t\t\t\t<\/div>\n\t\t<\/section>\n\t\t\t\t<section class=\"has_eae_slider elementor-section elementor-top-section elementor-element elementor-element-f96e247 elementor-section-boxed elementor-section-height-default elementor-section-height-default elementor-invisible\" data-eae-slider=\"35590\" data-id=\"f96e247\" data-element_type=\"section\" data-e-type=\"section\" data-settings=\"{&quot;background_background&quot;:&quot;classic&quot;,&quot;animation&quot;:&quot;fadeInUp&quot;}\">\n\t\t\t\t\t\t<div class=\"elementor-container elementor-column-gap-default\">\n\t\t\t\t\t<div class=\"has_eae_slider elementor-column elementor-col-50 elementor-top-column elementor-element elementor-element-5c7b3c5\" data-eae-slider=\"35890\" data-id=\"5c7b3c5\" data-element_type=\"column\" data-e-type=\"column\" data-settings=\"{&quot;background_background&quot;:&quot;classic&quot;}\">\n\t\t\t<div class=\"elementor-widget-wrap elementor-element-populated\">\n\t\t\t\t\t\t<div class=\"elementor-element elementor-element-d08cfab elementor-widget elementor-widget-text-editor\" data-id=\"d08cfab\" data-element_type=\"widget\" data-e-type=\"widget\" data-widget_type=\"text-editor.default\">\n\t\t\t\t<div class=\"elementor-widget-container\">\n\t\t\t\t\t\t\t\t\t<p><span style=\"color: #ffffff;\">SIMONYAN Inmobiliaria &amp; Investment<br \/>Propietario Arman Simonyan<br \/>Furtwangler Str. 10<br \/>40724 Hilden<br \/>Alemania<br \/><\/span><\/p>\t\t\t\t\t\t\t\t<\/div>\n\t\t\t\t<\/div>\n\t\t\t\t<div class=\"elementor-element elementor-element-4fabab1 elementor-icon-list--layout-traditional elementor-list-item-link-full_width elementor-widget elementor-widget-icon-list\" data-id=\"4fabab1\" data-element_type=\"widget\" data-e-type=\"widget\" data-widget_type=\"icon-list.default\">\n\t\t\t\t<div class=\"elementor-widget-container\">\n\t\t\t\t\t\t\t<ul class=\"elementor-icon-list-items\">\n\t\t\t\t\t\t\t<li class=\"elementor-icon-list-item\">\n\t\t\t\t\t\t\t\t\t\t\t<span class=\"elementor-icon-list-icon\">\n\t\t\t\t\t\t\t<i aria-hidden=\"true\" class=\"fas fa-phone-alt\"><\/i>\t\t\t\t\t\t<\/span>\n\t\t\t\t\t\t\t\t\t\t<span class=\"elementor-icon-list-text\">+49 2103 99 40 480<\/span>\n\t\t\t\t\t\t\t\t\t<\/li>\n\t\t\t\t\t\t\t\t<li class=\"elementor-icon-list-item\">\n\t\t\t\t\t\t\t\t\t\t\t<span class=\"elementor-icon-list-icon\">\n\t\t\t\t\t\t\t<i aria-hidden=\"true\" class=\"fas fa-fax\"><\/i>\t\t\t\t\t\t<\/span>\n\t\t\t\t\t\t\t\t\t\t<span class=\"elementor-icon-list-text\">+49 2103 97 880 86<\/span>\n\t\t\t\t\t\t\t\t\t<\/li>\n\t\t\t\t\t\t\t\t<li class=\"elementor-icon-list-item\">\n\t\t\t\t\t\t\t\t\t\t\t<span class=\"elementor-icon-list-icon\">\n\t\t\t\t\t\t\t<i aria-hidden=\"true\" class=\"fas fa-mobile-alt\"><\/i>\t\t\t\t\t\t<\/span>\n\t\t\t\t\t\t\t\t\t\t<span class=\"elementor-icon-list-text\">+49 176 219 98 271<\/span>\n\t\t\t\t\t\t\t\t\t<\/li>\n\t\t\t\t\t\t\t\t<li class=\"elementor-icon-list-item\">\n\t\t\t\t\t\t\t\t\t\t\t<span class=\"elementor-icon-list-icon\">\n\t\t\t\t\t\t\t<i aria-hidden=\"true\" class=\"fas fa-envelope\"><\/i>\t\t\t\t\t\t<\/span>\n\t\t\t\t\t\t\t\t\t\t<span class=\"elementor-icon-list-text\">info@simonyan-immobilien.de<\/span>\n\t\t\t\t\t\t\t\t\t<\/li>\n\t\t\t\t\t\t<\/ul>\n\t\t\t\t\t\t<\/div>\n\t\t\t\t<\/div>\n\t\t\t\t\t<\/div>\n\t\t<\/div>\n\t\t\t\t<div class=\"has_eae_slider elementor-column elementor-col-50 elementor-top-column elementor-element elementor-element-4c8df60\" data-eae-slider=\"91481\" data-id=\"4c8df60\" data-element_type=\"column\" data-e-type=\"column\" data-settings=\"{&quot;background_background&quot;:&quot;classic&quot;}\">\n\t\t\t<div class=\"elementor-widget-wrap elementor-element-populated\">\n\t\t\t\t\t\t<div class=\"elementor-element elementor-element-e4bc9b4 elementor-widget elementor-widget-video\" data-id=\"e4bc9b4\" data-element_type=\"widget\" data-e-type=\"widget\" data-settings=\"{&quot;video_type&quot;:&quot;hosted&quot;,&quot;autoplay&quot;:&quot;yes&quot;,&quot;mute&quot;:&quot;yes&quot;,&quot;loop&quot;:&quot;yes&quot;}\" data-widget_type=\"video.default\">\n\t\t\t\t<div class=\"elementor-widget-container\">\n\t\t\t\t\t\t\t<div class=\"e-hosted-video elementor-wrapper elementor-open-inline\">\n\t\t\t\t\t<video class=\"elementor-video\" src=\"http:\/\/neu.simonyan-immobilien.de\/en\/wp-content\/uploads\/2021\/07\/Simonyan-Immobilien-finanzierung.mp4\" autoplay=\"\" loop=\"\" muted=\"muted\" controlsList=\"nodownload\"><\/video>\n\t\t\t\t<\/div>\n\t\t\t\t\t\t<\/div>\n\t\t\t\t<\/div>\n\t\t\t\t\t<\/div>\n\t\t<\/div>\n\t\t\t\t\t<\/div>\n\t\t<\/section>\n\t\t\t\t<\/div>\n\t\t","protected":false},"excerpt":{"rendered":"<p>FINANCIACI\u00d3N INMOBILIARIA Junto con un socio profesional y experimentado, tambi\u00e9n ofrecemos nuestros servicios en el \u00e1mbito de la &#8222;financiaci\u00f3n inmobiliaria&#8220;. Un buen asesoramiento, y sobre todo independiente, es esencial para la financiaci\u00f3n inmobiliaria, ya que la compra de un inmueble es a menudo una inversi\u00f3n a largo plazo en su propio futuro y en el [&hellip;]<\/p>\n","protected":false},"author":1,"featured_media":0,"parent":0,"menu_order":0,"comment_status":"closed","ping_status":"closed","template":"","meta":{"footnotes":""},"class_list":["post-555","page","type-page","status-publish","hentry"],"_links":{"self":[{"href":"https:\/\/simonyan-immobilien.de\/es\/wp-json\/wp\/v2\/pages\/555","targetHints":{"allow":["GET"]}}],"collection":[{"href":"https:\/\/simonyan-immobilien.de\/es\/wp-json\/wp\/v2\/pages"}],"about":[{"href":"https:\/\/simonyan-immobilien.de\/es\/wp-json\/wp\/v2\/types\/page"}],"author":[{"embeddable":true,"href":"https:\/\/simonyan-immobilien.de\/es\/wp-json\/wp\/v2\/users\/1"}],"replies":[{"embeddable":true,"href":"https:\/\/simonyan-immobilien.de\/es\/wp-json\/wp\/v2\/comments?post=555"}],"version-history":[{"count":10,"href":"https:\/\/simonyan-immobilien.de\/es\/wp-json\/wp\/v2\/pages\/555\/revisions"}],"predecessor-version":[{"id":1323,"href":"https:\/\/simonyan-immobilien.de\/es\/wp-json\/wp\/v2\/pages\/555\/revisions\/1323"}],"wp:attachment":[{"href":"https:\/\/simonyan-immobilien.de\/es\/wp-json\/wp\/v2\/media?parent=555"}],"curies":[{"name":"wp","href":"https:\/\/api.w.org\/{rel}","templated":true}]}}