{"id":420,"date":"2021-07-02T15:56:53","date_gmt":"2021-07-02T13:56:53","guid":{"rendered":"http:\/\/neu.simonyan-immobilien.de\/es\/?page_id=420"},"modified":"2022-05-28T12:26:05","modified_gmt":"2022-05-28T10:26:05","slug":"rendite-immobilien","status":"publish","type":"page","link":"https:\/\/simonyan-immobilien.de\/es\/rendite-immobilien\/","title":{"rendered":"Yield &#8211; real estate"},"content":{"rendered":"\t\t<div data-elementor-type=\"wp-page\" data-elementor-id=\"420\" class=\"elementor elementor-420\">\n\t\t\t\t\t\t<section class=\"has_eae_slider elementor-section elementor-top-section elementor-element elementor-element-77fc845f elementor-section-full_width elementor-section-height-default elementor-section-height-default\" data-eae-slider=\"45646\" data-id=\"77fc845f\" data-element_type=\"section\" data-e-type=\"section\" data-settings=\"{&quot;background_background&quot;:&quot;classic&quot;}\">\n\t\t\t\t\t\t<div class=\"elementor-container elementor-column-gap-default\">\n\t\t\t\t\t<div class=\"has_eae_slider elementor-column elementor-col-50 elementor-top-column elementor-element elementor-element-2bbc6b7b\" data-eae-slider=\"86454\" data-id=\"2bbc6b7b\" data-element_type=\"column\" data-e-type=\"column\">\n\t\t\t<div class=\"elementor-widget-wrap elementor-element-populated\">\n\t\t\t\t\t\t<div class=\"elementor-element elementor-element-5bce0c6e elementor-widget elementor-widget-text-editor\" data-id=\"5bce0c6e\" data-element_type=\"widget\" data-e-type=\"widget\" data-widget_type=\"text-editor.default\">\n\t\t\t\t<div class=\"elementor-widget-container\">\n\t\t\t\t\t\t\t\t\t<h1 class=\"LC20lb DKV0Md\"><strong>Rendimiento &#8211; Inmobiliaria<\/strong><\/h1>\t\t\t\t\t\t\t\t<\/div>\n\t\t\t\t<\/div>\n\t\t\t\t\t<\/div>\n\t\t<\/div>\n\t\t\t\t<div class=\"has_eae_slider elementor-column elementor-col-50 elementor-top-column elementor-element elementor-element-1acde925\" data-eae-slider=\"31221\" data-id=\"1acde925\" data-element_type=\"column\" data-e-type=\"column\" data-settings=\"{&quot;background_background&quot;:&quot;classic&quot;}\">\n\t\t\t<div class=\"elementor-widget-wrap elementor-element-populated\">\n\t\t\t\t\t\t<div class=\"elementor-element elementor-element-91c273f elementor-widget elementor-widget-spacer\" data-id=\"91c273f\" data-element_type=\"widget\" data-e-type=\"widget\" data-widget_type=\"spacer.default\">\n\t\t\t\t<div class=\"elementor-widget-container\">\n\t\t\t\t\t\t\t<div class=\"elementor-spacer\">\n\t\t\t<div class=\"elementor-spacer-inner\"><\/div>\n\t\t<\/div>\n\t\t\t\t\t\t<\/div>\n\t\t\t\t<\/div>\n\t\t\t\t\t<\/div>\n\t\t<\/div>\n\t\t\t\t\t<\/div>\n\t\t<\/section>\n\t\t\t\t<section class=\"has_eae_slider elementor-section elementor-top-section elementor-element elementor-element-fe9c225 elementor-section-boxed elementor-section-height-default elementor-section-height-default\" data-eae-slider=\"68376\" data-id=\"fe9c225\" data-element_type=\"section\" data-e-type=\"section\">\n\t\t\t\t\t\t<div class=\"elementor-container elementor-column-gap-default\">\n\t\t\t\t\t<div class=\"has_eae_slider elementor-column elementor-col-100 elementor-top-column elementor-element elementor-element-aa843c6\" data-eae-slider=\"57338\" data-id=\"aa843c6\" data-element_type=\"column\" data-e-type=\"column\">\n\t\t\t<div class=\"elementor-widget-wrap elementor-element-populated\">\n\t\t\t\t\t\t<div class=\"elementor-element elementor-element-e9fd2a3 elementor-widget elementor-widget-text-editor\" data-id=\"e9fd2a3\" data-element_type=\"widget\" data-e-type=\"widget\" data-widget_type=\"text-editor.default\">\n\t\t\t\t<div class=\"elementor-widget-container\">\n\t\t\t\t\t\t\t\t\t<p><span style=\"color: #000000;\">Los que invierten CORRECTAMENTE en el mercado inmobiliario tienen garantizado el beneficio a largo plazo. La rentabilidad es mucho m\u00e1s segura y estable de lo que se conoce en Alemania y la Uni\u00f3n Europea.<\/span><\/p><p><span style=\"color: #000000;\">Con nosotros como socio a su lado, tiene los mejores requisitos para hacer realidad sus deseos.<\/span><\/p>\t\t\t\t\t\t\t\t<\/div>\n\t\t\t\t<\/div>\n\t\t\t\t\t<\/div>\n\t\t<\/div>\n\t\t\t\t\t<\/div>\n\t\t<\/section>\n\t\t\t\t<section class=\"has_eae_slider elementor-section elementor-top-section elementor-element elementor-element-8b774a0 elementor-section-boxed elementor-section-height-default elementor-section-height-default\" data-eae-slider=\"29264\" data-id=\"8b774a0\" data-element_type=\"section\" data-e-type=\"section\">\n\t\t\t\t\t\t<div class=\"elementor-container elementor-column-gap-default\">\n\t\t\t\t\t<div class=\"has_eae_slider elementor-column elementor-col-100 elementor-top-column elementor-element elementor-element-75999c4\" data-eae-slider=\"90721\" data-id=\"75999c4\" data-element_type=\"column\" data-e-type=\"column\">\n\t\t\t<div class=\"elementor-widget-wrap elementor-element-populated\">\n\t\t\t\t\t\t<section class=\"has_eae_slider elementor-section elementor-inner-section elementor-element elementor-element-d1845d7 elementor-section-boxed elementor-section-height-default elementor-section-height-default\" data-eae-slider=\"33832\" data-id=\"d1845d7\" data-element_type=\"section\" data-e-type=\"section\" data-settings=\"{&quot;background_background&quot;:&quot;classic&quot;}\">\n\t\t\t\t\t\t<div class=\"elementor-container elementor-column-gap-default\">\n\t\t\t\t\t<div class=\"has_eae_slider elementor-column elementor-col-50 elementor-inner-column elementor-element elementor-element-9417622\" data-eae-slider=\"54806\" data-id=\"9417622\" data-element_type=\"column\" data-e-type=\"column\">\n\t\t\t<div class=\"elementor-widget-wrap elementor-element-populated\">\n\t\t\t\t\t\t<div class=\"elementor-element elementor-element-358b40d elementor-widget elementor-widget-text-editor\" data-id=\"358b40d\" data-element_type=\"widget\" data-e-type=\"widget\" data-widget_type=\"text-editor.default\">\n\t\t\t\t<div class=\"elementor-widget-container\">\n\t\t\t\t\t\t\t\t\t<p><strong><span style=\"color: #ffffff;\">P\u00f3ngase en contacto con nosotros, estaremos encantados de asesorarle.<\/span><\/strong><\/p>\t\t\t\t\t\t\t\t<\/div>\n\t\t\t\t<\/div>\n\t\t\t\t\t<\/div>\n\t\t<\/div>\n\t\t\t\t<div class=\"has_eae_slider elementor-column elementor-col-50 elementor-inner-column elementor-element elementor-element-d514c90\" data-eae-slider=\"34595\" data-id=\"d514c90\" data-element_type=\"column\" data-e-type=\"column\">\n\t\t\t<div class=\"elementor-widget-wrap elementor-element-populated\">\n\t\t\t\t\t\t<div class=\"elementor-element elementor-element-b88e799 elementor-align-center elementor-widget elementor-widget-button\" data-id=\"b88e799\" data-element_type=\"widget\" data-e-type=\"widget\" data-widget_type=\"button.default\">\n\t\t\t\t<div class=\"elementor-widget-container\">\n\t\t\t\t\t\t\t\t\t<div class=\"elementor-button-wrapper\">\n\t\t\t\t\t<a class=\"elementor-button elementor-button-link elementor-size-md\" href=\"http:\/\/neu.simonyan-immobilien.de\/en\/kontakt\/\">\n\t\t\t\t\t\t<span class=\"elementor-button-content-wrapper\">\n\t\t\t\t\t\t\t\t\t<span class=\"elementor-button-text\">CONTACTO<\/span>\n\t\t\t\t\t<\/span>\n\t\t\t\t\t<\/a>\n\t\t\t\t<\/div>\n\t\t\t\t\t\t\t\t<\/div>\n\t\t\t\t<\/div>\n\t\t\t\t\t<\/div>\n\t\t<\/div>\n\t\t\t\t\t<\/div>\n\t\t<\/section>\n\t\t\t\t\t<\/div>\n\t\t<\/div>\n\t\t\t\t\t<\/div>\n\t\t<\/section>\n\t\t\t\t<\/div>\n\t\t","protected":false},"excerpt":{"rendered":"<p>Rendimiento &#8211; Inmobiliaria Los que invierten CORRECTAMENTE en el mercado inmobiliario tienen garantizado el beneficio a largo plazo. La rentabilidad es mucho m\u00e1s segura y estable de lo que se conoce en Alemania y la Uni\u00f3n Europea. Con nosotros como socio a su lado, tiene los mejores requisitos para hacer realidad sus deseos. P\u00f3ngase en [&hellip;]<\/p>\n","protected":false},"author":1,"featured_media":0,"parent":0,"menu_order":0,"comment_status":"closed","ping_status":"closed","template":"elementor_header_footer","meta":{"footnotes":""},"class_list":["post-420","page","type-page","status-publish","hentry"],"_links":{"self":[{"href":"https:\/\/simonyan-immobilien.de\/es\/wp-json\/wp\/v2\/pages\/420","targetHints":{"allow":["GET"]}}],"collection":[{"href":"https:\/\/simonyan-immobilien.de\/es\/wp-json\/wp\/v2\/pages"}],"about":[{"href":"https:\/\/simonyan-immobilien.de\/es\/wp-json\/wp\/v2\/types\/page"}],"author":[{"embeddable":true,"href":"https:\/\/simonyan-immobilien.de\/es\/wp-json\/wp\/v2\/users\/1"}],"replies":[{"embeddable":true,"href":"https:\/\/simonyan-immobilien.de\/es\/wp-json\/wp\/v2\/comments?post=420"}],"version-history":[{"count":10,"href":"https:\/\/simonyan-immobilien.de\/es\/wp-json\/wp\/v2\/pages\/420\/revisions"}],"predecessor-version":[{"id":1374,"href":"https:\/\/simonyan-immobilien.de\/es\/wp-json\/wp\/v2\/pages\/420\/revisions\/1374"}],"wp:attachment":[{"href":"https:\/\/simonyan-immobilien.de\/es\/wp-json\/wp\/v2\/media?parent=420"}],"curies":[{"name":"wp","href":"https:\/\/api.w.org\/{rel}","templated":true}]}}